{"id":1094,"date":"2023-01-04T14:44:46","date_gmt":"2023-01-04T13:44:46","guid":{"rendered":"https:\/\/mavrommatis.net\/?page_id=1094"},"modified":"2023-01-04T20:59:52","modified_gmt":"2023-01-04T19:59:52","slug":"cookie-richtlinien","status":"publish","type":"page","link":"https:\/\/mavrommatis.net\/en\/cookie-richtlinien\/","title":{"rendered":"Cookie Policy"},"content":{"rendered":"<div data-elementor-type=\"wp-page\" data-elementor-id=\"1094\" class=\"elementor elementor-1094\" data-elementor-settings=\"{&quot;ha_cmc_init_switcher&quot;:&quot;no&quot;}\">\n\t\t\t\t\t\t<section class=\"elementor-section elementor-top-section elementor-element elementor-element-85f100b elementor-section-boxed elementor-section-height-default elementor-section-height-default\" data-id=\"85f100b\" data-element_type=\"section\" data-e-type=\"section\" data-settings=\"{&quot;_ha_eqh_enable&quot;:false}\">\n\t\t\t\t\t\t<div class=\"elementor-container elementor-column-gap-default\">\n\t\t\t\t\t<div class=\"elementor-column elementor-col-100 elementor-top-column elementor-element elementor-element-b279d27\" data-id=\"b279d27\" data-element_type=\"column\" data-e-type=\"column\">\n\t\t\t<div class=\"elementor-widget-wrap elementor-element-populated\">\n\t\t\t\t\t\t<div class=\"elementor-element elementor-element-8ec7cc4 elementor-widget elementor-widget-spacer\" data-id=\"8ec7cc4\" data-element_type=\"widget\" data-e-type=\"widget\" data-widget_type=\"spacer.default\">\n\t\t\t\t<div class=\"elementor-widget-container\">\n\t\t\t\t\t\t\t<div class=\"elementor-spacer\">\n\t\t\t<div class=\"elementor-spacer-inner\"><\/div>\n\t\t<\/div>\n\t\t\t\t\t\t<\/div>\n\t\t\t\t<\/div>\n\t\t\t\t<div class=\"elementor-element elementor-element-95f6261 elementor-widget elementor-widget-text-editor\" data-id=\"95f6261\" data-element_type=\"widget\" data-e-type=\"widget\" data-widget_type=\"text-editor.default\">\n\t\t\t\t<div class=\"elementor-widget-container\">\n\t\t\t\t\t\t\t\t\t<h3 id=\"cookie-richtlinien\" class=\"cookie-policy-h3\">Cookie Policy<\/h3><p>\u00a0<\/p><p>Datum des Inkrafttretens: 12.11.2022 Letzte Aktualisierung: 12.11.2022<\/p><p>\u00a0<\/p><h5>What are cookies?<\/h5><div class=\"cookie-policy-p\"><div class=\"cookie-policy-p\">Diese Cookie-Richtlinie erkl\u00e4rt, was Cookies sind und wie wir sie verwenden, welche Arten von Cookies wir verwenden, d. h. die Informationen, die wir mithilfe von Cookies sammeln und wie diese Informationen verwendet werden, und wie die Cookie-Einstellungen verwaltet werden. Cookies sind kleine Textdateien, die verwendet werden, um kleine Informationen zu speichern. Sie werden auf Ihrem Ger\u00e4t gespeichert, wenn die Website in Ihrem Browser geladen wird. Diese Cookies helfen uns, die Website ordnungsgem\u00e4\u00df funktionieren zu lassen, sie sicherer zu machen, eine bessere Benutzererfahrung zu bieten und zu verstehen, wie die Website funktioniert, und zu analysieren, was funktioniert und wo sie verbessert werden muss.<\/div><div>\u00a0<\/div><\/div><h5>How do we use cookies?<\/h5><div class=\"cookie-policy-p\"><div class=\"cookie-policy-p\">Wie die meisten Online-Dienste verwendet unsere Website f\u00fcr verschiedene Zwecke Erstanbieter- und Drittanbieter-Cookies. Erstanbieter-Cookies sind meistens notwendig, damit die Website richtig funktioniert und sie erfassen keine Ihrer personenbezogenen Daten. Die auf unserer Website verwendeten Cookies von Drittanbietern dienen haupts\u00e4chlich dazu, zu verstehen, wie die Website funktioniert, wie Sie mit unserer Website interagieren, unsere Dienste sicher zu halten, f\u00fcr Sie relevante Werbung bereitzustellen und Ihnen insgesamt einen besseren und verbesserten Benutzer zu bieten Erfahrung und helfen, Ihre zuk\u00fcnftigen Interaktionen mit unserer Website zu beschleunigen.<\/div><div>\u00a0<\/div><\/div><h5>Types of Cookies we use<\/h5><div class=\"cky-audit-table-element\">\u00a0<\/div><h5>Manage cookie preferences<\/h5><p><a class=\"cky-banner-element\">Cookie Settings<\/a><\/p><div>Sie k\u00f6nnen Ihre Cookie-Einstellungen jederzeit \u00e4ndern, indem Sie auf die obige Schaltfl\u00e4che klicken. Auf diese Weise k\u00f6nnen Sie das Cookie-Zustimmungsbanner erneut aufrufen und Ihre Einstellungen \u00e4ndern oder Ihre Zustimmung sofort widerrufen. Dar\u00fcber hinaus bieten verschiedene Browser unterschiedliche Methoden zum Blockieren und L\u00f6schen von Cookies, die von Websites verwendet werden. Sie k\u00f6nnen die Einstellungen Ihres Browsers \u00e4ndern, um Cookies zu blockieren\/l\u00f6schen. Nachfolgend sind die Links zu den Support-Dokumenten zum Verwalten und L\u00f6schen von Cookies in den wichtigsten Webbrowsern aufgef\u00fchrt.<\/div><ul><li>Chrome: <a href=\"https:\/\/support.google.com\/accounts\/answer\/32050\" target=\"_blank\" rel=\"noopener\">https:\/\/support.google.com\/accounts\/answer\/32050<\/a><\/li><li>Safari: <a href=\"https:\/\/support.apple.com\/en-in\/guide\/safari\/sfri11471\/mac\" target=\"_blank\" rel=\"noopener\">https:\/\/support.apple.com\/en-in\/guide\/safari\/sfri11471\/mac<\/a><\/li><li>Firefox: <a href=\"https:\/\/support.mozilla.org\/en-US\/kb\/clear-cookies-and-site-data-firefox?redirectslug=delete-cookies-remove-info-websites-stored&amp;redirectlocale=en-US\" target=\"_blank\" rel=\"noopener\">https:\/\/support.mozilla.org\/en-US\/kb\/clear-cookies-and-site-data-firefox?redirectslug=delete-cookies-remove-info-websites-stored&amp;redirectlocale=en-US<\/a><\/li><li>Internet Explorer: <a href=\"https:\/\/support.microsoft.com\/en-us\/topic\/how-to-delete-cookie-files-in-internet-explorer-bca9446f-d873-78de-77ba-d42645fa52fc\" target=\"_blank\" rel=\"noopener\">https:\/\/support.microsoft.com\/en-us\/topic\/how-to-delete-cookie-files-in-internet-explorer-bca9446f-d873-78de-77ba-d42645fa52fc<\/a><\/li><\/ul><div>\u00a0<\/div><div>If you are using any other web browser, please visit your browser\u2019s official support documents.<\/div><div>\u00a0<\/div><p class=\"cookie-policy-p\">Cookie Policy Generated By <a href=\"https:\/\/www.cookieyes.com\/?utm_source=CP&amp;utm_medium=footer&amp;utm_campaign=UW\" target=\"_blank\" rel=\"noopener\">CookieYes \u2013 Generator f\u00fcr Cookie-Richtlinien<\/a>.<\/p>\t\t\t\t\t\t\t\t<\/div>\n\t\t\t\t<\/div>\n\t\t\t\t<div class=\"elementor-element elementor-element-6f3f3da elementor-widget elementor-widget-spacer\" data-id=\"6f3f3da\" data-element_type=\"widget\" data-e-type=\"widget\" data-widget_type=\"spacer.default\">\n\t\t\t\t<div class=\"elementor-widget-container\">\n\t\t\t\t\t\t\t<div class=\"elementor-spacer\">\n\t\t\t<div class=\"elementor-spacer-inner\"><\/div>\n\t\t<\/div>\n\t\t\t\t\t\t<\/div>\n\t\t\t\t<\/div>\n\t\t\t\t\t<\/div>\n\t\t<\/div>\n\t\t\t\t\t<\/div>\n\t\t<\/section>\n\t\t\t\t<\/div>","protected":false},"excerpt":{"rendered":"<p>Cookie-Richtlinien \u00a0 Datum des Inkrafttretens: 12.11.2022 Letzte Aktualisierung: 12.11.2022 \u00a0 Was sind Cookies? Diese Cookie-Richtlinie erkl\u00e4rt, was Cookies sind und wie wir sie verwenden, welche Arten von Cookies wir verwenden, d. h. die Informationen, die wir mithilfe von Cookies sammeln und wie diese Informationen verwendet werden, und wie die Cookie-Einstellungen verwaltet werden. Cookies sind kleine [&hellip;]<\/p>\n","protected":false},"author":1,"featured_media":0,"parent":0,"menu_order":0,"comment_status":"closed","ping_status":"closed","template":"","meta":{"_monsterinsights_skip_tracking":false,"_monsterinsights_sitenote_active":false,"_monsterinsights_sitenote_note":"","_monsterinsights_sitenote_category":0,"_themeisle_gutenberg_block_has_review":false,"footnotes":""},"class_list":["post-1094","page","type-page","status-publish","hentry"],"yoast_head":"<!-- This site is optimized with the Yoast SEO plugin v27.4 - https:\/\/yoast.com\/product\/yoast-seo-wordpress\/ -->\n<title>Cookie-Richtlinien - mavrommatis.net<\/title>\n<meta name=\"robots\" content=\"index, follow, max-snippet:-1, max-image-preview:large, max-video-preview:-1\" \/>\n<link rel=\"canonical\" href=\"https:\/\/mavrommatis.net\/en\/cookie-richtlinien\/\" \/>\n<meta property=\"og:locale\" content=\"en_US\" \/>\n<meta property=\"og:type\" content=\"article\" \/>\n<meta property=\"og:title\" content=\"Cookie-Richtlinien - mavrommatis.net\" \/>\n<meta property=\"og:description\" content=\"Cookie-Richtlinien \u00a0 Datum des Inkrafttretens: 12.11.2022 Letzte Aktualisierung: 12.11.2022 \u00a0 Was sind Cookies? Diese Cookie-Richtlinie erkl\u00e4rt, was Cookies sind und wie wir sie verwenden, welche Arten von Cookies wir verwenden, d. h. die Informationen, die wir mithilfe von Cookies sammeln und wie diese Informationen verwendet werden, und wie die Cookie-Einstellungen verwaltet werden. Cookies sind kleine [&hellip;]\" \/>\n<meta property=\"og:url\" content=\"https:\/\/mavrommatis.net\/en\/cookie-richtlinien\/\" \/>\n<meta property=\"og:site_name\" content=\"mavrommatis.net\" \/>\n<meta property=\"article:modified_time\" content=\"2023-01-04T19:59:52+00:00\" \/>\n<meta name=\"twitter:card\" content=\"summary_large_image\" \/>\n<meta name=\"twitter:label1\" content=\"Est. reading time\" \/>\n\t<meta name=\"twitter:data1\" content=\"2 minutes\" \/>\n<script type=\"application\/ld+json\" class=\"yoast-schema-graph\">{\"@context\":\"https:\\\/\\\/schema.org\",\"@graph\":[{\"@type\":\"WebPage\",\"@id\":\"https:\\\/\\\/mavrommatis.net\\\/cookie-richtlinien\\\/\",\"url\":\"https:\\\/\\\/mavrommatis.net\\\/cookie-richtlinien\\\/\",\"name\":\"Cookie-Richtlinien - mavrommatis.net\",\"isPartOf\":{\"@id\":\"https:\\\/\\\/mavrommatis.net\\\/#website\"},\"datePublished\":\"2023-01-04T13:44:46+00:00\",\"dateModified\":\"2023-01-04T19:59:52+00:00\",\"breadcrumb\":{\"@id\":\"https:\\\/\\\/mavrommatis.net\\\/cookie-richtlinien\\\/#breadcrumb\"},\"inLanguage\":\"en-US\",\"potentialAction\":[{\"@type\":\"ReadAction\",\"target\":[\"https:\\\/\\\/mavrommatis.net\\\/cookie-richtlinien\\\/\"]}]},{\"@type\":\"BreadcrumbList\",\"@id\":\"https:\\\/\\\/mavrommatis.net\\\/cookie-richtlinien\\\/#breadcrumb\",\"itemListElement\":[{\"@type\":\"ListItem\",\"position\":1,\"name\":\"Home\",\"item\":\"https:\\\/\\\/mavrommatis.net\\\/\"},{\"@type\":\"ListItem\",\"position\":2,\"name\":\"Cookie-Richtlinien\"}]},{\"@type\":\"WebSite\",\"@id\":\"https:\\\/\\\/mavrommatis.net\\\/#website\",\"url\":\"https:\\\/\\\/mavrommatis.net\\\/\",\"name\":\"mavrommatis.net\",\"description\":\"IT Solutions\",\"publisher\":{\"@id\":\"https:\\\/\\\/mavrommatis.net\\\/#organization\"},\"potentialAction\":[{\"@type\":\"SearchAction\",\"target\":{\"@type\":\"EntryPoint\",\"urlTemplate\":\"https:\\\/\\\/mavrommatis.net\\\/?s={search_term_string}\"},\"query-input\":{\"@type\":\"PropertyValueSpecification\",\"valueRequired\":true,\"valueName\":\"search_term_string\"}}],\"inLanguage\":\"en-US\"},{\"@type\":\"Organization\",\"@id\":\"https:\\\/\\\/mavrommatis.net\\\/#organization\",\"name\":\"Anastasios Mavrommatis - IT Solutions\",\"url\":\"https:\\\/\\\/mavrommatis.net\\\/\",\"logo\":{\"@type\":\"ImageObject\",\"inLanguage\":\"en-US\",\"@id\":\"https:\\\/\\\/mavrommatis.net\\\/#\\\/schema\\\/logo\\\/image\\\/\",\"url\":\"https:\\\/\\\/mavrommatis.net\\\/wp-content\\\/uploads\\\/2022\\\/10\\\/cropped-logo.jpg\",\"contentUrl\":\"https:\\\/\\\/mavrommatis.net\\\/wp-content\\\/uploads\\\/2022\\\/10\\\/cropped-logo.jpg\",\"width\":512,\"height\":512,\"caption\":\"Anastasios Mavrommatis - IT Solutions\"},\"image\":{\"@id\":\"https:\\\/\\\/mavrommatis.net\\\/#\\\/schema\\\/logo\\\/image\\\/\"},\"sameAs\":[\"https:\\\/\\\/www.linkedin.com\\\/company\\\/89252479\\\/\"]}]}<\/script>\n<!-- \/ Yoast SEO plugin. -->","yoast_head_json":{"title":"Cookie-Richtlinien - mavrommatis.net","robots":{"index":"index","follow":"follow","max-snippet":"max-snippet:-1","max-image-preview":"max-image-preview:large","max-video-preview":"max-video-preview:-1"},"canonical":"https:\/\/mavrommatis.net\/en\/cookie-richtlinien\/","og_locale":"en_US","og_type":"article","og_title":"Cookie-Richtlinien - mavrommatis.net","og_description":"Cookie-Richtlinien \u00a0 Datum des Inkrafttretens: 12.11.2022 Letzte Aktualisierung: 12.11.2022 \u00a0 Was sind Cookies? Diese Cookie-Richtlinie erkl\u00e4rt, was Cookies sind und wie wir sie verwenden, welche Arten von Cookies wir verwenden, d. h. die Informationen, die wir mithilfe von Cookies sammeln und wie diese Informationen verwendet werden, und wie die Cookie-Einstellungen verwaltet werden. Cookies sind kleine [&hellip;]","og_url":"https:\/\/mavrommatis.net\/en\/cookie-richtlinien\/","og_site_name":"mavrommatis.net","article_modified_time":"2023-01-04T19:59:52+00:00","twitter_card":"summary_large_image","twitter_misc":{"Est. reading time":"2 minutes"},"schema":{"@context":"https:\/\/schema.org","@graph":[{"@type":"WebPage","@id":"https:\/\/mavrommatis.net\/cookie-richtlinien\/","url":"https:\/\/mavrommatis.net\/cookie-richtlinien\/","name":"Cookie-Richtlinien - mavrommatis.net","isPartOf":{"@id":"https:\/\/mavrommatis.net\/#website"},"datePublished":"2023-01-04T13:44:46+00:00","dateModified":"2023-01-04T19:59:52+00:00","breadcrumb":{"@id":"https:\/\/mavrommatis.net\/cookie-richtlinien\/#breadcrumb"},"inLanguage":"en-US","potentialAction":[{"@type":"ReadAction","target":["https:\/\/mavrommatis.net\/cookie-richtlinien\/"]}]},{"@type":"BreadcrumbList","@id":"https:\/\/mavrommatis.net\/cookie-richtlinien\/#breadcrumb","itemListElement":[{"@type":"ListItem","position":1,"name":"Home","item":"https:\/\/mavrommatis.net\/"},{"@type":"ListItem","position":2,"name":"Cookie-Richtlinien"}]},{"@type":"WebSite","@id":"https:\/\/mavrommatis.net\/#website","url":"https:\/\/mavrommatis.net\/","name":"mavrommatis.net","description":"IT Solutions","publisher":{"@id":"https:\/\/mavrommatis.net\/#organization"},"potentialAction":[{"@type":"SearchAction","target":{"@type":"EntryPoint","urlTemplate":"https:\/\/mavrommatis.net\/?s={search_term_string}"},"query-input":{"@type":"PropertyValueSpecification","valueRequired":true,"valueName":"search_term_string"}}],"inLanguage":"en-US"},{"@type":"Organization","@id":"https:\/\/mavrommatis.net\/#organization","name":"Anastasios Mavrommatis - IT Solutions","url":"https:\/\/mavrommatis.net\/","logo":{"@type":"ImageObject","inLanguage":"en-US","@id":"https:\/\/mavrommatis.net\/#\/schema\/logo\/image\/","url":"https:\/\/mavrommatis.net\/wp-content\/uploads\/2022\/10\/cropped-logo.jpg","contentUrl":"https:\/\/mavrommatis.net\/wp-content\/uploads\/2022\/10\/cropped-logo.jpg","width":512,"height":512,"caption":"Anastasios Mavrommatis - IT Solutions"},"image":{"@id":"https:\/\/mavrommatis.net\/#\/schema\/logo\/image\/"},"sameAs":["https:\/\/www.linkedin.com\/company\/89252479\/"]}]}},"jetpack_sharing_enabled":true,"_links":{"self":[{"href":"https:\/\/mavrommatis.net\/en\/wp-json\/wp\/v2\/pages\/1094","targetHints":{"allow":["GET"]}}],"collection":[{"href":"https:\/\/mavrommatis.net\/en\/wp-json\/wp\/v2\/pages"}],"about":[{"href":"https:\/\/mavrommatis.net\/en\/wp-json\/wp\/v2\/types\/page"}],"author":[{"embeddable":true,"href":"https:\/\/mavrommatis.net\/en\/wp-json\/wp\/v2\/users\/1"}],"replies":[{"embeddable":true,"href":"https:\/\/mavrommatis.net\/en\/wp-json\/wp\/v2\/comments?post=1094"}],"version-history":[{"count":0,"href":"https:\/\/mavrommatis.net\/en\/wp-json\/wp\/v2\/pages\/1094\/revisions"}],"wp:attachment":[{"href":"https:\/\/mavrommatis.net\/en\/wp-json\/wp\/v2\/media?parent=1094"}],"curies":[{"name":"wp","href":"https:\/\/api.w.org\/{rel}","templated":true}]}}