{"id":155,"date":"2022-10-28T16:37:44","date_gmt":"2022-10-28T14:37:44","guid":{"rendered":"https:\/\/mavrommatis.net\/?page_id=155"},"modified":"2022-11-27T17:41:13","modified_gmt":"2022-11-27T16:41:13","slug":"datensicherung-und-geschaeftskontinuitaet","status":"publish","type":"page","link":"https:\/\/mavrommatis.net\/en\/it-solutions\/datensicherung-und-geschaeftskontinuitaet\/","title":{"rendered":"Backup and Business Continuity"},"content":{"rendered":"<div data-elementor-type=\"wp-page\" data-elementor-id=\"155\" class=\"elementor elementor-155\" data-elementor-settings=\"{&quot;ha_cmc_init_switcher&quot;:&quot;no&quot;}\">\n\t\t\t\t\t\t<section class=\"elementor-section elementor-top-section elementor-element elementor-element-a0d49aa elementor-section-boxed elementor-section-height-default elementor-section-height-default\" data-id=\"a0d49aa\" data-element_type=\"section\" data-e-type=\"section\" data-settings=\"{&quot;_ha_eqh_enable&quot;:false}\">\n\t\t\t\t\t\t<div class=\"elementor-container elementor-column-gap-default\">\n\t\t\t\t\t<div class=\"elementor-column elementor-col-100 elementor-top-column elementor-element elementor-element-53b27c8\" data-id=\"53b27c8\" data-element_type=\"column\" data-e-type=\"column\">\n\t\t\t<div class=\"elementor-widget-wrap elementor-element-populated\">\n\t\t\t\t\t\t<div class=\"elementor-element elementor-element-e2e24df elementor-widget elementor-widget-spacer\" data-id=\"e2e24df\" data-element_type=\"widget\" data-e-type=\"widget\" data-widget_type=\"spacer.default\">\n\t\t\t\t<div class=\"elementor-widget-container\">\n\t\t\t\t\t\t\t<div class=\"elementor-spacer\">\n\t\t\t<div class=\"elementor-spacer-inner\"><\/div>\n\t\t<\/div>\n\t\t\t\t\t\t<\/div>\n\t\t\t\t<\/div>\n\t\t\t\t\t<\/div>\n\t\t<\/div>\n\t\t\t\t\t<\/div>\n\t\t<\/section>\n\t\t\t\t<section class=\"elementor-section elementor-top-section elementor-element elementor-element-ad947db elementor-section-boxed elementor-section-height-default elementor-section-height-default\" data-id=\"ad947db\" data-element_type=\"section\" data-e-type=\"section\" data-settings=\"{&quot;_ha_eqh_enable&quot;:false}\">\n\t\t\t\t\t\t<div class=\"elementor-container elementor-column-gap-default\">\n\t\t\t\t\t<div class=\"elementor-column elementor-col-25 elementor-top-column elementor-element elementor-element-fac2787\" data-id=\"fac2787\" data-element_type=\"column\" data-e-type=\"column\">\n\t\t\t<div class=\"elementor-widget-wrap elementor-element-populated\">\n\t\t\t\t\t\t<div class=\"elementor-element elementor-element-8c51a50 elementor-widget elementor-widget-image\" data-id=\"8c51a50\" data-element_type=\"widget\" data-e-type=\"widget\" data-widget_type=\"image.default\">\n\t\t\t\t<div class=\"elementor-widget-container\">\n\t\t\t\t\t\t\t\t\t\t\t\t\t\t\t<img fetchpriority=\"high\" decoding=\"async\" width=\"640\" height=\"426\" src=\"https:\/\/mavrommatis.net\/wp-content\/uploads\/2022\/10\/pexels-photo-2882506-1024x681.jpeg\" class=\"attachment-large size-large wp-image-156\" alt=\"close up shot of keyboard buttons\" srcset=\"https:\/\/mavrommatis.net\/wp-content\/uploads\/2022\/10\/pexels-photo-2882506-1024x681.jpeg 1024w, https:\/\/mavrommatis.net\/wp-content\/uploads\/2022\/10\/pexels-photo-2882506-300x199.jpeg 300w, https:\/\/mavrommatis.net\/wp-content\/uploads\/2022\/10\/pexels-photo-2882506-768x511.jpeg 768w, https:\/\/mavrommatis.net\/wp-content\/uploads\/2022\/10\/pexels-photo-2882506-1536x1021.jpeg 1536w, https:\/\/mavrommatis.net\/wp-content\/uploads\/2022\/10\/pexels-photo-2882506-18x12.jpeg 18w, https:\/\/mavrommatis.net\/wp-content\/uploads\/2022\/10\/pexels-photo-2882506-1320x878.jpeg 1320w, https:\/\/mavrommatis.net\/wp-content\/uploads\/2022\/10\/pexels-photo-2882506.jpeg 1880w\" sizes=\"(max-width: 640px) 100vw, 640px\" \/>\t\t\t\t\t\t\t\t\t\t\t\t\t\t\t<\/div>\n\t\t\t\t<\/div>\n\t\t\t\t\t<\/div>\n\t\t<\/div>\n\t\t\t\t<div class=\"elementor-column elementor-col-50 elementor-top-column elementor-element elementor-element-3acaf68\" data-id=\"3acaf68\" data-element_type=\"column\" data-e-type=\"column\">\n\t\t\t<div class=\"elementor-widget-wrap elementor-element-populated\">\n\t\t\t\t\t\t<div class=\"elementor-element elementor-element-da8b914 elementor-widget elementor-widget-text-editor\" data-id=\"da8b914\" data-element_type=\"widget\" data-e-type=\"widget\" data-widget_type=\"text-editor.default\">\n\t\t\t\t<div class=\"elementor-widget-container\">\n\t\t\t\t\t\t\t\t\t<p>Protect your business from accidents that can lead to data loss.<\/p>\n<p>\u00a0<\/p>\n<p>From emails, document files, images, any type of data your business uses to operate, we have the experience and the right tools to help you stay on the safe side.<\/p>\t\t\t\t\t\t\t\t<\/div>\n\t\t\t\t<\/div>\n\t\t\t\t\t<\/div>\n\t\t<\/div>\n\t\t\t\t<div class=\"elementor-column elementor-col-25 elementor-top-column elementor-element elementor-element-a2d8bec\" data-id=\"a2d8bec\" data-element_type=\"column\" data-e-type=\"column\">\n\t\t\t<div class=\"elementor-widget-wrap\">\n\t\t\t\t\t\t\t<\/div>\n\t\t<\/div>\n\t\t\t\t\t<\/div>\n\t\t<\/section>\n\t\t\t\t<\/div>","protected":false},"excerpt":{"rendered":"<p>Sch\u00fctzen Sie Ihr Unternehmen vor Unf\u00e4llen, die zu Datenverlust f\u00fchren k\u00f6nnen. \u00a0 Von E-Mails, Dokumentendateien, Bildern, jeglicher Art von Daten, die Ihr Unternehmen f\u00fcr den Betrieb verwendet, haben wir die Erfahrung und die richtigen Tools, um Ihnen zu helfen, auf der sicheren Seite zu sein.<\/p>","protected":false},"author":1,"featured_media":0,"parent":37,"menu_order":0,"comment_status":"closed","ping_status":"closed","template":"","meta":{"_monsterinsights_skip_tracking":false,"_monsterinsights_sitenote_active":false,"_monsterinsights_sitenote_note":"","_monsterinsights_sitenote_category":0,"_themeisle_gutenberg_block_has_review":false,"footnotes":""},"class_list":["post-155","page","type-page","status-publish","hentry"],"yoast_head":"<!-- This site is optimized with the Yoast SEO plugin v27.3 - https:\/\/yoast.com\/product\/yoast-seo-wordpress\/ -->\n<title>Datensicherung und Gesch\u00e4ftskontinuit\u00e4t - mavrommatis.net<\/title>\n<meta name=\"robots\" content=\"index, follow, max-snippet:-1, max-image-preview:large, max-video-preview:-1\" \/>\n<link rel=\"canonical\" href=\"https:\/\/mavrommatis.net\/en\/it-solutions\/datensicherung-und-geschaeftskontinuitaet\/\" \/>\n<meta property=\"og:locale\" content=\"en_US\" \/>\n<meta property=\"og:type\" content=\"article\" \/>\n<meta property=\"og:title\" content=\"Datensicherung und Gesch\u00e4ftskontinuit\u00e4t - mavrommatis.net\" \/>\n<meta property=\"og:description\" content=\"Sch\u00fctzen Sie Ihr Unternehmen vor Unf\u00e4llen, die zu Datenverlust f\u00fchren k\u00f6nnen. \u00a0 Von E-Mails, Dokumentendateien, Bildern, jeglicher Art von Daten, die Ihr Unternehmen f\u00fcr den Betrieb verwendet, haben wir die Erfahrung und die richtigen Tools, um Ihnen zu helfen, auf der sicheren Seite zu sein.\" \/>\n<meta property=\"og:url\" content=\"https:\/\/mavrommatis.net\/en\/it-solutions\/datensicherung-und-geschaeftskontinuitaet\/\" \/>\n<meta property=\"og:site_name\" content=\"mavrommatis.net\" \/>\n<meta property=\"article:modified_time\" content=\"2022-11-27T16:41:13+00:00\" \/>\n<meta property=\"og:image\" content=\"https:\/\/mavrommatis.net\/wp-content\/uploads\/2022\/10\/pexels-photo-2882506-1024x681.jpeg\" \/>\n<meta name=\"twitter:card\" content=\"summary_large_image\" \/>\n<meta name=\"twitter:label1\" content=\"Est. reading time\" \/>\n\t<meta name=\"twitter:data1\" content=\"1 minute\" \/>\n<script type=\"application\/ld+json\" class=\"yoast-schema-graph\">{\"@context\":\"https:\\\/\\\/schema.org\",\"@graph\":[{\"@type\":\"WebPage\",\"@id\":\"https:\\\/\\\/mavrommatis.net\\\/it-solutions\\\/datensicherung-und-geschaeftskontinuitaet\\\/\",\"url\":\"https:\\\/\\\/mavrommatis.net\\\/it-solutions\\\/datensicherung-und-geschaeftskontinuitaet\\\/\",\"name\":\"Datensicherung und Gesch\u00e4ftskontinuit\u00e4t - mavrommatis.net\",\"isPartOf\":{\"@id\":\"https:\\\/\\\/mavrommatis.net\\\/#website\"},\"primaryImageOfPage\":{\"@id\":\"https:\\\/\\\/mavrommatis.net\\\/it-solutions\\\/datensicherung-und-geschaeftskontinuitaet\\\/#primaryimage\"},\"image\":{\"@id\":\"https:\\\/\\\/mavrommatis.net\\\/it-solutions\\\/datensicherung-und-geschaeftskontinuitaet\\\/#primaryimage\"},\"thumbnailUrl\":\"https:\\\/\\\/mavrommatis.net\\\/wp-content\\\/uploads\\\/2022\\\/10\\\/pexels-photo-2882506-1024x681.jpeg\",\"datePublished\":\"2022-10-28T14:37:44+00:00\",\"dateModified\":\"2022-11-27T16:41:13+00:00\",\"breadcrumb\":{\"@id\":\"https:\\\/\\\/mavrommatis.net\\\/it-solutions\\\/datensicherung-und-geschaeftskontinuitaet\\\/#breadcrumb\"},\"inLanguage\":\"en-US\",\"potentialAction\":[{\"@type\":\"ReadAction\",\"target\":[\"https:\\\/\\\/mavrommatis.net\\\/it-solutions\\\/datensicherung-und-geschaeftskontinuitaet\\\/\"]}]},{\"@type\":\"ImageObject\",\"inLanguage\":\"en-US\",\"@id\":\"https:\\\/\\\/mavrommatis.net\\\/it-solutions\\\/datensicherung-und-geschaeftskontinuitaet\\\/#primaryimage\",\"url\":\"https:\\\/\\\/mavrommatis.net\\\/wp-content\\\/uploads\\\/2022\\\/10\\\/pexels-photo-2882506-1024x681.jpeg\",\"contentUrl\":\"https:\\\/\\\/mavrommatis.net\\\/wp-content\\\/uploads\\\/2022\\\/10\\\/pexels-photo-2882506-1024x681.jpeg\"},{\"@type\":\"BreadcrumbList\",\"@id\":\"https:\\\/\\\/mavrommatis.net\\\/it-solutions\\\/datensicherung-und-geschaeftskontinuitaet\\\/#breadcrumb\",\"itemListElement\":[{\"@type\":\"ListItem\",\"position\":1,\"name\":\"Home\",\"item\":\"https:\\\/\\\/mavrommatis.net\\\/\"},{\"@type\":\"ListItem\",\"position\":2,\"name\":\"IT L\u00f6sungen\",\"item\":\"https:\\\/\\\/mavrommatis.net\\\/it-solutions\\\/\"},{\"@type\":\"ListItem\",\"position\":3,\"name\":\"Datensicherung und Gesch\u00e4ftskontinuit\u00e4t\"}]},{\"@type\":\"WebSite\",\"@id\":\"https:\\\/\\\/mavrommatis.net\\\/#website\",\"url\":\"https:\\\/\\\/mavrommatis.net\\\/\",\"name\":\"mavrommatis.net\",\"description\":\"IT Solutions\",\"publisher\":{\"@id\":\"https:\\\/\\\/mavrommatis.net\\\/#organization\"},\"potentialAction\":[{\"@type\":\"SearchAction\",\"target\":{\"@type\":\"EntryPoint\",\"urlTemplate\":\"https:\\\/\\\/mavrommatis.net\\\/?s={search_term_string}\"},\"query-input\":{\"@type\":\"PropertyValueSpecification\",\"valueRequired\":true,\"valueName\":\"search_term_string\"}}],\"inLanguage\":\"en-US\"},{\"@type\":\"Organization\",\"@id\":\"https:\\\/\\\/mavrommatis.net\\\/#organization\",\"name\":\"Anastasios Mavrommatis - IT Solutions\",\"url\":\"https:\\\/\\\/mavrommatis.net\\\/\",\"logo\":{\"@type\":\"ImageObject\",\"inLanguage\":\"en-US\",\"@id\":\"https:\\\/\\\/mavrommatis.net\\\/#\\\/schema\\\/logo\\\/image\\\/\",\"url\":\"https:\\\/\\\/mavrommatis.net\\\/wp-content\\\/uploads\\\/2022\\\/10\\\/cropped-logo.jpg\",\"contentUrl\":\"https:\\\/\\\/mavrommatis.net\\\/wp-content\\\/uploads\\\/2022\\\/10\\\/cropped-logo.jpg\",\"width\":512,\"height\":512,\"caption\":\"Anastasios Mavrommatis - IT Solutions\"},\"image\":{\"@id\":\"https:\\\/\\\/mavrommatis.net\\\/#\\\/schema\\\/logo\\\/image\\\/\"},\"sameAs\":[\"https:\\\/\\\/www.linkedin.com\\\/company\\\/89252479\\\/\"]}]}<\/script>\n<!-- \/ Yoast SEO plugin. -->","yoast_head_json":{"title":"Datensicherung und Gesch\u00e4ftskontinuit\u00e4t - mavrommatis.net","robots":{"index":"index","follow":"follow","max-snippet":"max-snippet:-1","max-image-preview":"max-image-preview:large","max-video-preview":"max-video-preview:-1"},"canonical":"https:\/\/mavrommatis.net\/en\/it-solutions\/datensicherung-und-geschaeftskontinuitaet\/","og_locale":"en_US","og_type":"article","og_title":"Datensicherung und Gesch\u00e4ftskontinuit\u00e4t - mavrommatis.net","og_description":"Sch\u00fctzen Sie Ihr Unternehmen vor Unf\u00e4llen, die zu Datenverlust f\u00fchren k\u00f6nnen. \u00a0 Von E-Mails, Dokumentendateien, Bildern, jeglicher Art von Daten, die Ihr Unternehmen f\u00fcr den Betrieb verwendet, haben wir die Erfahrung und die richtigen Tools, um Ihnen zu helfen, auf der sicheren Seite zu sein.","og_url":"https:\/\/mavrommatis.net\/en\/it-solutions\/datensicherung-und-geschaeftskontinuitaet\/","og_site_name":"mavrommatis.net","article_modified_time":"2022-11-27T16:41:13+00:00","og_image":[{"url":"https:\/\/mavrommatis.net\/wp-content\/uploads\/2022\/10\/pexels-photo-2882506-1024x681.jpeg","type":"","width":"","height":""}],"twitter_card":"summary_large_image","twitter_misc":{"Est. reading time":"1 minute"},"schema":{"@context":"https:\/\/schema.org","@graph":[{"@type":"WebPage","@id":"https:\/\/mavrommatis.net\/it-solutions\/datensicherung-und-geschaeftskontinuitaet\/","url":"https:\/\/mavrommatis.net\/it-solutions\/datensicherung-und-geschaeftskontinuitaet\/","name":"Datensicherung und Gesch\u00e4ftskontinuit\u00e4t - mavrommatis.net","isPartOf":{"@id":"https:\/\/mavrommatis.net\/#website"},"primaryImageOfPage":{"@id":"https:\/\/mavrommatis.net\/it-solutions\/datensicherung-und-geschaeftskontinuitaet\/#primaryimage"},"image":{"@id":"https:\/\/mavrommatis.net\/it-solutions\/datensicherung-und-geschaeftskontinuitaet\/#primaryimage"},"thumbnailUrl":"https:\/\/mavrommatis.net\/wp-content\/uploads\/2022\/10\/pexels-photo-2882506-1024x681.jpeg","datePublished":"2022-10-28T14:37:44+00:00","dateModified":"2022-11-27T16:41:13+00:00","breadcrumb":{"@id":"https:\/\/mavrommatis.net\/it-solutions\/datensicherung-und-geschaeftskontinuitaet\/#breadcrumb"},"inLanguage":"en-US","potentialAction":[{"@type":"ReadAction","target":["https:\/\/mavrommatis.net\/it-solutions\/datensicherung-und-geschaeftskontinuitaet\/"]}]},{"@type":"ImageObject","inLanguage":"en-US","@id":"https:\/\/mavrommatis.net\/it-solutions\/datensicherung-und-geschaeftskontinuitaet\/#primaryimage","url":"https:\/\/mavrommatis.net\/wp-content\/uploads\/2022\/10\/pexels-photo-2882506-1024x681.jpeg","contentUrl":"https:\/\/mavrommatis.net\/wp-content\/uploads\/2022\/10\/pexels-photo-2882506-1024x681.jpeg"},{"@type":"BreadcrumbList","@id":"https:\/\/mavrommatis.net\/it-solutions\/datensicherung-und-geschaeftskontinuitaet\/#breadcrumb","itemListElement":[{"@type":"ListItem","position":1,"name":"Home","item":"https:\/\/mavrommatis.net\/"},{"@type":"ListItem","position":2,"name":"IT L\u00f6sungen","item":"https:\/\/mavrommatis.net\/it-solutions\/"},{"@type":"ListItem","position":3,"name":"Datensicherung und Gesch\u00e4ftskontinuit\u00e4t"}]},{"@type":"WebSite","@id":"https:\/\/mavrommatis.net\/#website","url":"https:\/\/mavrommatis.net\/","name":"mavrommatis.net","description":"IT Solutions","publisher":{"@id":"https:\/\/mavrommatis.net\/#organization"},"potentialAction":[{"@type":"SearchAction","target":{"@type":"EntryPoint","urlTemplate":"https:\/\/mavrommatis.net\/?s={search_term_string}"},"query-input":{"@type":"PropertyValueSpecification","valueRequired":true,"valueName":"search_term_string"}}],"inLanguage":"en-US"},{"@type":"Organization","@id":"https:\/\/mavrommatis.net\/#organization","name":"Anastasios Mavrommatis - IT Solutions","url":"https:\/\/mavrommatis.net\/","logo":{"@type":"ImageObject","inLanguage":"en-US","@id":"https:\/\/mavrommatis.net\/#\/schema\/logo\/image\/","url":"https:\/\/mavrommatis.net\/wp-content\/uploads\/2022\/10\/cropped-logo.jpg","contentUrl":"https:\/\/mavrommatis.net\/wp-content\/uploads\/2022\/10\/cropped-logo.jpg","width":512,"height":512,"caption":"Anastasios Mavrommatis - IT Solutions"},"image":{"@id":"https:\/\/mavrommatis.net\/#\/schema\/logo\/image\/"},"sameAs":["https:\/\/www.linkedin.com\/company\/89252479\/"]}]}},"jetpack_sharing_enabled":true,"_links":{"self":[{"href":"https:\/\/mavrommatis.net\/en\/wp-json\/wp\/v2\/pages\/155","targetHints":{"allow":["GET"]}}],"collection":[{"href":"https:\/\/mavrommatis.net\/en\/wp-json\/wp\/v2\/pages"}],"about":[{"href":"https:\/\/mavrommatis.net\/en\/wp-json\/wp\/v2\/types\/page"}],"author":[{"embeddable":true,"href":"https:\/\/mavrommatis.net\/en\/wp-json\/wp\/v2\/users\/1"}],"replies":[{"embeddable":true,"href":"https:\/\/mavrommatis.net\/en\/wp-json\/wp\/v2\/comments?post=155"}],"version-history":[{"count":0,"href":"https:\/\/mavrommatis.net\/en\/wp-json\/wp\/v2\/pages\/155\/revisions"}],"up":[{"embeddable":true,"href":"https:\/\/mavrommatis.net\/en\/wp-json\/wp\/v2\/pages\/37"}],"wp:attachment":[{"href":"https:\/\/mavrommatis.net\/en\/wp-json\/wp\/v2\/media?parent=155"}],"curies":[{"name":"wp","href":"https:\/\/api.w.org\/{rel}","templated":true}]}}