{"id":37,"date":"2022-10-16T14:38:31","date_gmt":"2022-10-16T12:38:31","guid":{"rendered":"https:\/\/mavrommatis.net\/?page_id=37"},"modified":"2022-12-07T18:13:19","modified_gmt":"2022-12-07T17:13:19","slug":"it-solutions","status":"publish","type":"page","link":"https:\/\/mavrommatis.net\/en\/it-solutions\/","title":{"rendered":"IT Solutions"},"content":{"rendered":"<div data-elementor-type=\"wp-page\" data-elementor-id=\"37\" class=\"elementor elementor-37\" data-elementor-settings=\"{&quot;ha_cmc_init_switcher&quot;:&quot;no&quot;}\">\n\t\t\t\t\t\t<section class=\"elementor-section elementor-top-section elementor-element elementor-element-bafe8c8 elementor-section-boxed elementor-section-height-default elementor-section-height-default\" data-id=\"bafe8c8\" data-element_type=\"section\" data-e-type=\"section\" data-settings=\"{&quot;_ha_eqh_enable&quot;:false}\">\n\t\t\t\t\t\t<div class=\"elementor-container elementor-column-gap-default\">\n\t\t\t\t\t<div class=\"elementor-column elementor-col-100 elementor-top-column elementor-element elementor-element-cb7211b\" data-id=\"cb7211b\" data-element_type=\"column\" data-e-type=\"column\">\n\t\t\t<div class=\"elementor-widget-wrap elementor-element-populated\">\n\t\t\t\t\t\t<div class=\"elementor-element elementor-element-4e4b35e elementor-widget elementor-widget-spacer\" data-id=\"4e4b35e\" data-element_type=\"widget\" data-e-type=\"widget\" data-widget_type=\"spacer.default\">\n\t\t\t\t<div class=\"elementor-widget-container\">\n\t\t\t\t\t\t\t<div class=\"elementor-spacer\">\n\t\t\t<div class=\"elementor-spacer-inner\"><\/div>\n\t\t<\/div>\n\t\t\t\t\t\t<\/div>\n\t\t\t\t<\/div>\n\t\t\t\t\t<\/div>\n\t\t<\/div>\n\t\t\t\t\t<\/div>\n\t\t<\/section>\n\t\t\t\t<section class=\"elementor-section elementor-top-section elementor-element elementor-element-40021e4 elementor-section-boxed elementor-section-height-default elementor-section-height-default\" data-id=\"40021e4\" data-element_type=\"section\" data-e-type=\"section\" data-settings=\"{&quot;_ha_eqh_enable&quot;:false}\">\n\t\t\t\t\t\t<div class=\"elementor-container elementor-column-gap-default\">\n\t\t\t\t\t<div class=\"elementor-column elementor-col-25 elementor-top-column elementor-element elementor-element-cdc9a20\" data-id=\"cdc9a20\" data-element_type=\"column\" data-e-type=\"column\">\n\t\t\t<div class=\"elementor-widget-wrap elementor-element-populated\">\n\t\t\t\t\t\t<div class=\"elementor-element elementor-element-aa6a5e0 elementor-widget elementor-widget-image\" data-id=\"aa6a5e0\" data-element_type=\"widget\" data-e-type=\"widget\" data-widget_type=\"image.default\">\n\t\t\t\t<div class=\"elementor-widget-container\">\n\t\t\t\t\t\t\t\t\t\t\t\t\t\t\t<img decoding=\"async\" src=\"https:\/\/mavrommatis.net\/wp-content\/uploads\/elementor\/thumbs\/pexels-photo-5408005-pwaqx718de16ih9ro8qqmse5rc2ox2xmfbkafe24tk.jpeg\" title=\"pexels-photo-5408005\" alt=\"server racks on data center\" loading=\"lazy\" \/>\t\t\t\t\t\t\t\t\t\t\t\t\t\t\t<\/div>\n\t\t\t\t<\/div>\n\t\t\t\t\t<\/div>\n\t\t<\/div>\n\t\t\t\t<div class=\"elementor-column elementor-col-50 elementor-top-column elementor-element elementor-element-fe7b7cd\" data-id=\"fe7b7cd\" data-element_type=\"column\" data-e-type=\"column\">\n\t\t\t<div class=\"elementor-widget-wrap elementor-element-populated\">\n\t\t\t\t\t\t<div class=\"elementor-element elementor-element-912111f elementor-widget elementor-widget-text-editor\" data-id=\"912111f\" data-element_type=\"widget\" data-e-type=\"widget\" data-widget_type=\"text-editor.default\">\n\t\t\t\t<div class=\"elementor-widget-container\">\n\t\t\t\t\t\t\t\t\t<h3 style=\"text-align: center;\">We listen to your needs and deliver high quality IT solutions that benefit your business and enable your people to be effective, satisfied and happy.<\/h3>\t\t\t\t\t\t\t\t<\/div>\n\t\t\t\t<\/div>\n\t\t\t\t<div class=\"elementor-element elementor-element-e75c074 elementor-widget elementor-widget-elementskit-page-list\" data-id=\"e75c074\" data-element_type=\"widget\" data-e-type=\"widget\" data-widget_type=\"elementskit-page-list.default\">\n\t\t\t\t<div class=\"elementor-widget-container\">\n\t\t\t\t\t<div class=\"ekit-wid-con\" >\t\t<div class=\"elementor-icon-list-items\">\n\t\t\t\t\t\t\t<div class=\"elementor-icon-list-item\">\n\t\t\t\t\t\t<a class=\"elementor-repeater-item-e5be16f ekit_badge_left\" href=\"https:\/\/mavrommatis.net\/en\/it-solutions\/it-dienste\/\">\n\t\t\t\t\t\t\t<div class=\"ekit_page_list_content\">\n\t\t\t\t\t\t\t\t\t\t\t\t\t\t\t\t\t<span class=\"elementor-icon-list-icon\">\n\t\t\t\t\t\t\t\t\t\t<i aria-hidden=\"true\" class=\"fas fa-check\"><\/i>\t\t\t\t\t\t\t\t\t<\/span>\n\t\t\t\t\t\t\t\t\t\t\t\t\t\t\t\t<span class=\"elementor-icon-list-text\">\n\t\t\t\t\t\t\t\t\t<span class=\"ekit_page_list_title_title\">IT Services<\/span>\n\t\t\t\t\t\t\t\t\t\t\t\t\t\t\t\t\t<\/span>\n\t\t\t\t\t\t\t<\/div>\n\t\t\t\t\t\t\t\t\t\t\t\t\t<\/a>\n\t\t\t\t\t<\/div>\n\t\t\t\t\t\t\t\t<div class=\"elementor-icon-list-item\">\n\t\t\t\t\t\t<a class=\"elementor-repeater-item-f113fde ekit_badge_left\" href=\"https:\/\/mavrommatis.net\/en\/it-solutions\/it-monitoringueberwachung\/\">\n\t\t\t\t\t\t\t<div class=\"ekit_page_list_content\">\n\t\t\t\t\t\t\t\t\t\t\t\t\t\t\t\t\t<span class=\"elementor-icon-list-icon\">\n\t\t\t\t\t\t\t\t\t\t<i aria-hidden=\"true\" class=\"fas fa-check\"><\/i>\t\t\t\t\t\t\t\t\t<\/span>\n\t\t\t\t\t\t\t\t\t\t\t\t\t\t\t\t<span class=\"elementor-icon-list-text\">\n\t\t\t\t\t\t\t\t\t<span class=\"ekit_page_list_title_title\">IT Monitoring<\/span>\n\t\t\t\t\t\t\t\t\t\t\t\t\t\t\t\t\t<\/span>\n\t\t\t\t\t\t\t<\/div>\n\t\t\t\t\t\t\t\t\t\t\t\t\t<\/a>\n\t\t\t\t\t<\/div>\n\t\t\t\t\t\t\t\t<div class=\"elementor-icon-list-item\">\n\t\t\t\t\t\t<a class=\"elementor-repeater-item-8f75b3a ekit_badge_left\" href=\"https:\/\/mavrommatis.net\/en\/it-solutions\/datensicherung-und-geschaeftskontinuitaet\/\">\n\t\t\t\t\t\t\t<div class=\"ekit_page_list_content\">\n\t\t\t\t\t\t\t\t\t\t\t\t\t\t\t\t\t<span class=\"elementor-icon-list-icon\">\n\t\t\t\t\t\t\t\t\t\t<i aria-hidden=\"true\" class=\"fas fa-check\"><\/i>\t\t\t\t\t\t\t\t\t<\/span>\n\t\t\t\t\t\t\t\t\t\t\t\t\t\t\t\t<span class=\"elementor-icon-list-text\">\n\t\t\t\t\t\t\t\t\t<span class=\"ekit_page_list_title_title\">Backup and Business Continuity<\/span>\n\t\t\t\t\t\t\t\t\t\t\t\t\t\t\t\t\t<\/span>\n\t\t\t\t\t\t\t<\/div>\n\t\t\t\t\t\t\t\t\t\t\t\t\t<\/a>\n\t\t\t\t\t<\/div>\n\t\t\t\t\t\t<\/div>\n\t\t<\/div>\t\t\t\t<\/div>\n\t\t\t\t<\/div>\n\t\t\t\t\t<\/div>\n\t\t<\/div>\n\t\t\t\t<div class=\"elementor-column elementor-col-25 elementor-top-column elementor-element elementor-element-75924c2\" data-id=\"75924c2\" data-element_type=\"column\" data-e-type=\"column\">\n\t\t\t<div class=\"elementor-widget-wrap\">\n\t\t\t\t\t\t\t<\/div>\n\t\t<\/div>\n\t\t\t\t\t<\/div>\n\t\t<\/section>\n\t\t\t\t<\/div>","protected":false},"excerpt":{"rendered":"<p>Wir h\u00f6ren auf Ihre Bed\u00fcrfnisse und liefern hochwertige IT-L\u00f6sungen, die Ihrem Unternehmen zugute kommen und Ihren Mitarbeitern erm\u00f6glichen, effektiv, zufrieden und gl\u00fccklich zu sein. IT-Dienste IT \u00dcberwachung Datensicherung und Gesch\u00e4ftskontinuit\u00e4t<\/p>","protected":false},"author":1,"featured_media":0,"parent":0,"menu_order":0,"comment_status":"closed","ping_status":"closed","template":"","meta":{"_monsterinsights_skip_tracking":false,"_monsterinsights_sitenote_active":false,"_monsterinsights_sitenote_note":"","_monsterinsights_sitenote_category":0,"_themeisle_gutenberg_block_has_review":false,"footnotes":""},"class_list":["post-37","page","type-page","status-publish","hentry"],"yoast_head":"<!-- This site is optimized with the Yoast SEO plugin v27.4 - https:\/\/yoast.com\/product\/yoast-seo-wordpress\/ -->\n<title>IT L\u00f6sungen - mavrommatis.net<\/title>\n<meta name=\"robots\" content=\"index, follow, max-snippet:-1, max-image-preview:large, max-video-preview:-1\" \/>\n<link rel=\"canonical\" href=\"https:\/\/mavrommatis.net\/en\/it-solutions\/\" \/>\n<meta property=\"og:locale\" content=\"en_US\" \/>\n<meta property=\"og:type\" content=\"article\" \/>\n<meta property=\"og:title\" content=\"IT L\u00f6sungen - mavrommatis.net\" \/>\n<meta property=\"og:description\" content=\"Wir h\u00f6ren auf Ihre Bed\u00fcrfnisse und liefern hochwertige IT-L\u00f6sungen, die Ihrem Unternehmen zugute kommen und Ihren Mitarbeitern erm\u00f6glichen, effektiv, zufrieden und gl\u00fccklich zu sein. IT-Dienste IT \u00dcberwachung Datensicherung und Gesch\u00e4ftskontinuit\u00e4t\" \/>\n<meta property=\"og:url\" content=\"https:\/\/mavrommatis.net\/en\/it-solutions\/\" \/>\n<meta property=\"og:site_name\" content=\"mavrommatis.net\" \/>\n<meta property=\"article:modified_time\" content=\"2022-12-07T17:13:19+00:00\" \/>\n<meta property=\"og:image\" content=\"https:\/\/mavrommatis.net\/wp-content\/uploads\/elementor\/thumbs\/pexels-photo-5408005-pwaqx718de16ih9ro8qqmse5rc2ox2xmfbkafe24tk.jpeg\" \/>\n<meta name=\"twitter:card\" content=\"summary_large_image\" \/>\n<meta name=\"twitter:label1\" content=\"Est. reading time\" \/>\n\t<meta name=\"twitter:data1\" content=\"1 minute\" \/>\n<script type=\"application\/ld+json\" class=\"yoast-schema-graph\">{\"@context\":\"https:\\\/\\\/schema.org\",\"@graph\":[{\"@type\":\"WebPage\",\"@id\":\"https:\\\/\\\/mavrommatis.net\\\/it-solutions\\\/\",\"url\":\"https:\\\/\\\/mavrommatis.net\\\/it-solutions\\\/\",\"name\":\"IT L\u00f6sungen - mavrommatis.net\",\"isPartOf\":{\"@id\":\"https:\\\/\\\/mavrommatis.net\\\/#website\"},\"primaryImageOfPage\":{\"@id\":\"https:\\\/\\\/mavrommatis.net\\\/it-solutions\\\/#primaryimage\"},\"image\":{\"@id\":\"https:\\\/\\\/mavrommatis.net\\\/it-solutions\\\/#primaryimage\"},\"thumbnailUrl\":\"https:\\\/\\\/mavrommatis.net\\\/wp-content\\\/uploads\\\/elementor\\\/thumbs\\\/pexels-photo-5408005-pwaqx718de16ih9ro8qqmse5rc2ox2xmfbkafe24tk.jpeg\",\"datePublished\":\"2022-10-16T12:38:31+00:00\",\"dateModified\":\"2022-12-07T17:13:19+00:00\",\"breadcrumb\":{\"@id\":\"https:\\\/\\\/mavrommatis.net\\\/it-solutions\\\/#breadcrumb\"},\"inLanguage\":\"en-US\",\"potentialAction\":[{\"@type\":\"ReadAction\",\"target\":[\"https:\\\/\\\/mavrommatis.net\\\/it-solutions\\\/\"]}]},{\"@type\":\"ImageObject\",\"inLanguage\":\"en-US\",\"@id\":\"https:\\\/\\\/mavrommatis.net\\\/it-solutions\\\/#primaryimage\",\"url\":\"https:\\\/\\\/mavrommatis.net\\\/wp-content\\\/uploads\\\/elementor\\\/thumbs\\\/pexels-photo-5408005-pwaqx718de16ih9ro8qqmse5rc2ox2xmfbkafe24tk.jpeg\",\"contentUrl\":\"https:\\\/\\\/mavrommatis.net\\\/wp-content\\\/uploads\\\/elementor\\\/thumbs\\\/pexels-photo-5408005-pwaqx718de16ih9ro8qqmse5rc2ox2xmfbkafe24tk.jpeg\"},{\"@type\":\"BreadcrumbList\",\"@id\":\"https:\\\/\\\/mavrommatis.net\\\/it-solutions\\\/#breadcrumb\",\"itemListElement\":[{\"@type\":\"ListItem\",\"position\":1,\"name\":\"Home\",\"item\":\"https:\\\/\\\/mavrommatis.net\\\/\"},{\"@type\":\"ListItem\",\"position\":2,\"name\":\"IT L\u00f6sungen\"}]},{\"@type\":\"WebSite\",\"@id\":\"https:\\\/\\\/mavrommatis.net\\\/#website\",\"url\":\"https:\\\/\\\/mavrommatis.net\\\/\",\"name\":\"mavrommatis.net\",\"description\":\"IT Solutions\",\"publisher\":{\"@id\":\"https:\\\/\\\/mavrommatis.net\\\/#organization\"},\"potentialAction\":[{\"@type\":\"SearchAction\",\"target\":{\"@type\":\"EntryPoint\",\"urlTemplate\":\"https:\\\/\\\/mavrommatis.net\\\/?s={search_term_string}\"},\"query-input\":{\"@type\":\"PropertyValueSpecification\",\"valueRequired\":true,\"valueName\":\"search_term_string\"}}],\"inLanguage\":\"en-US\"},{\"@type\":\"Organization\",\"@id\":\"https:\\\/\\\/mavrommatis.net\\\/#organization\",\"name\":\"Anastasios Mavrommatis - IT Solutions\",\"url\":\"https:\\\/\\\/mavrommatis.net\\\/\",\"logo\":{\"@type\":\"ImageObject\",\"inLanguage\":\"en-US\",\"@id\":\"https:\\\/\\\/mavrommatis.net\\\/#\\\/schema\\\/logo\\\/image\\\/\",\"url\":\"https:\\\/\\\/mavrommatis.net\\\/wp-content\\\/uploads\\\/2022\\\/10\\\/cropped-logo.jpg\",\"contentUrl\":\"https:\\\/\\\/mavrommatis.net\\\/wp-content\\\/uploads\\\/2022\\\/10\\\/cropped-logo.jpg\",\"width\":512,\"height\":512,\"caption\":\"Anastasios Mavrommatis - IT Solutions\"},\"image\":{\"@id\":\"https:\\\/\\\/mavrommatis.net\\\/#\\\/schema\\\/logo\\\/image\\\/\"},\"sameAs\":[\"https:\\\/\\\/www.linkedin.com\\\/company\\\/89252479\\\/\"]}]}<\/script>\n<!-- \/ Yoast SEO plugin. -->","yoast_head_json":{"title":"IT L\u00f6sungen - mavrommatis.net","robots":{"index":"index","follow":"follow","max-snippet":"max-snippet:-1","max-image-preview":"max-image-preview:large","max-video-preview":"max-video-preview:-1"},"canonical":"https:\/\/mavrommatis.net\/en\/it-solutions\/","og_locale":"en_US","og_type":"article","og_title":"IT L\u00f6sungen - mavrommatis.net","og_description":"Wir h\u00f6ren auf Ihre Bed\u00fcrfnisse und liefern hochwertige IT-L\u00f6sungen, die Ihrem Unternehmen zugute kommen und Ihren Mitarbeitern erm\u00f6glichen, effektiv, zufrieden und gl\u00fccklich zu sein. IT-Dienste IT \u00dcberwachung Datensicherung und Gesch\u00e4ftskontinuit\u00e4t","og_url":"https:\/\/mavrommatis.net\/en\/it-solutions\/","og_site_name":"mavrommatis.net","article_modified_time":"2022-12-07T17:13:19+00:00","og_image":[{"url":"https:\/\/mavrommatis.net\/wp-content\/uploads\/elementor\/thumbs\/pexels-photo-5408005-pwaqx718de16ih9ro8qqmse5rc2ox2xmfbkafe24tk.jpeg","type":"","width":"","height":""}],"twitter_card":"summary_large_image","twitter_misc":{"Est. reading time":"1 minute"},"schema":{"@context":"https:\/\/schema.org","@graph":[{"@type":"WebPage","@id":"https:\/\/mavrommatis.net\/it-solutions\/","url":"https:\/\/mavrommatis.net\/it-solutions\/","name":"IT L\u00f6sungen - mavrommatis.net","isPartOf":{"@id":"https:\/\/mavrommatis.net\/#website"},"primaryImageOfPage":{"@id":"https:\/\/mavrommatis.net\/it-solutions\/#primaryimage"},"image":{"@id":"https:\/\/mavrommatis.net\/it-solutions\/#primaryimage"},"thumbnailUrl":"https:\/\/mavrommatis.net\/wp-content\/uploads\/elementor\/thumbs\/pexels-photo-5408005-pwaqx718de16ih9ro8qqmse5rc2ox2xmfbkafe24tk.jpeg","datePublished":"2022-10-16T12:38:31+00:00","dateModified":"2022-12-07T17:13:19+00:00","breadcrumb":{"@id":"https:\/\/mavrommatis.net\/it-solutions\/#breadcrumb"},"inLanguage":"en-US","potentialAction":[{"@type":"ReadAction","target":["https:\/\/mavrommatis.net\/it-solutions\/"]}]},{"@type":"ImageObject","inLanguage":"en-US","@id":"https:\/\/mavrommatis.net\/it-solutions\/#primaryimage","url":"https:\/\/mavrommatis.net\/wp-content\/uploads\/elementor\/thumbs\/pexels-photo-5408005-pwaqx718de16ih9ro8qqmse5rc2ox2xmfbkafe24tk.jpeg","contentUrl":"https:\/\/mavrommatis.net\/wp-content\/uploads\/elementor\/thumbs\/pexels-photo-5408005-pwaqx718de16ih9ro8qqmse5rc2ox2xmfbkafe24tk.jpeg"},{"@type":"BreadcrumbList","@id":"https:\/\/mavrommatis.net\/it-solutions\/#breadcrumb","itemListElement":[{"@type":"ListItem","position":1,"name":"Home","item":"https:\/\/mavrommatis.net\/"},{"@type":"ListItem","position":2,"name":"IT L\u00f6sungen"}]},{"@type":"WebSite","@id":"https:\/\/mavrommatis.net\/#website","url":"https:\/\/mavrommatis.net\/","name":"mavrommatis.net","description":"IT Solutions","publisher":{"@id":"https:\/\/mavrommatis.net\/#organization"},"potentialAction":[{"@type":"SearchAction","target":{"@type":"EntryPoint","urlTemplate":"https:\/\/mavrommatis.net\/?s={search_term_string}"},"query-input":{"@type":"PropertyValueSpecification","valueRequired":true,"valueName":"search_term_string"}}],"inLanguage":"en-US"},{"@type":"Organization","@id":"https:\/\/mavrommatis.net\/#organization","name":"Anastasios Mavrommatis - IT Solutions","url":"https:\/\/mavrommatis.net\/","logo":{"@type":"ImageObject","inLanguage":"en-US","@id":"https:\/\/mavrommatis.net\/#\/schema\/logo\/image\/","url":"https:\/\/mavrommatis.net\/wp-content\/uploads\/2022\/10\/cropped-logo.jpg","contentUrl":"https:\/\/mavrommatis.net\/wp-content\/uploads\/2022\/10\/cropped-logo.jpg","width":512,"height":512,"caption":"Anastasios Mavrommatis - IT Solutions"},"image":{"@id":"https:\/\/mavrommatis.net\/#\/schema\/logo\/image\/"},"sameAs":["https:\/\/www.linkedin.com\/company\/89252479\/"]}]}},"jetpack_sharing_enabled":true,"_links":{"self":[{"href":"https:\/\/mavrommatis.net\/en\/wp-json\/wp\/v2\/pages\/37","targetHints":{"allow":["GET"]}}],"collection":[{"href":"https:\/\/mavrommatis.net\/en\/wp-json\/wp\/v2\/pages"}],"about":[{"href":"https:\/\/mavrommatis.net\/en\/wp-json\/wp\/v2\/types\/page"}],"author":[{"embeddable":true,"href":"https:\/\/mavrommatis.net\/en\/wp-json\/wp\/v2\/users\/1"}],"replies":[{"embeddable":true,"href":"https:\/\/mavrommatis.net\/en\/wp-json\/wp\/v2\/comments?post=37"}],"version-history":[{"count":0,"href":"https:\/\/mavrommatis.net\/en\/wp-json\/wp\/v2\/pages\/37\/revisions"}],"wp:attachment":[{"href":"https:\/\/mavrommatis.net\/en\/wp-json\/wp\/v2\/media?parent=37"}],"curies":[{"name":"wp","href":"https:\/\/api.w.org\/{rel}","templated":true}]}}