{"id":43,"date":"2022-10-16T15:28:45","date_gmt":"2022-10-16T13:28:45","guid":{"rendered":"https:\/\/mavrommatis.net\/?page_id=43"},"modified":"2022-11-27T17:26:54","modified_gmt":"2022-11-27T16:26:54","slug":"it-monitoringueberwachung","status":"publish","type":"page","link":"https:\/\/mavrommatis.net\/en\/it-solutions\/it-monitoringueberwachung\/","title":{"rendered":"IT Monitoring"},"content":{"rendered":"<div data-elementor-type=\"wp-page\" data-elementor-id=\"43\" class=\"elementor elementor-43\" data-elementor-settings=\"{&quot;ha_cmc_init_switcher&quot;:&quot;no&quot;}\">\n\t\t\t\t\t\t<section class=\"elementor-section elementor-top-section elementor-element elementor-element-1086d5a elementor-section-boxed elementor-section-height-default elementor-section-height-default\" data-id=\"1086d5a\" data-element_type=\"section\" data-e-type=\"section\" data-settings=\"{&quot;_ha_eqh_enable&quot;:false}\">\n\t\t\t\t\t\t<div class=\"elementor-container elementor-column-gap-default\">\n\t\t\t\t\t<div class=\"elementor-column elementor-col-100 elementor-top-column elementor-element elementor-element-b0e7e62\" data-id=\"b0e7e62\" data-element_type=\"column\" data-e-type=\"column\">\n\t\t\t<div class=\"elementor-widget-wrap elementor-element-populated\">\n\t\t\t\t\t\t<div class=\"elementor-element elementor-element-d2cb869 elementor-widget elementor-widget-spacer\" data-id=\"d2cb869\" data-element_type=\"widget\" data-e-type=\"widget\" data-widget_type=\"spacer.default\">\n\t\t\t\t<div class=\"elementor-widget-container\">\n\t\t\t\t\t\t\t<div class=\"elementor-spacer\">\n\t\t\t<div class=\"elementor-spacer-inner\"><\/div>\n\t\t<\/div>\n\t\t\t\t\t\t<\/div>\n\t\t\t\t<\/div>\n\t\t\t\t\t<\/div>\n\t\t<\/div>\n\t\t\t\t\t<\/div>\n\t\t<\/section>\n\t\t\t\t<section class=\"elementor-section elementor-top-section elementor-element elementor-element-002217a elementor-section-boxed elementor-section-height-default elementor-section-height-default\" data-id=\"002217a\" data-element_type=\"section\" data-e-type=\"section\" data-settings=\"{&quot;_ha_eqh_enable&quot;:false}\">\n\t\t\t\t\t\t<div class=\"elementor-container elementor-column-gap-default\">\n\t\t\t\t\t<div class=\"elementor-column elementor-col-25 elementor-top-column elementor-element elementor-element-f449d99\" data-id=\"f449d99\" data-element_type=\"column\" data-e-type=\"column\">\n\t\t\t<div class=\"elementor-widget-wrap elementor-element-populated\">\n\t\t\t\t\t\t<div class=\"elementor-element elementor-element-f511919 elementor-widget elementor-widget-image\" data-id=\"f511919\" data-element_type=\"widget\" data-e-type=\"widget\" data-widget_type=\"image.default\">\n\t\t\t\t<div class=\"elementor-widget-container\">\n\t\t\t\t\t\t\t\t\t\t\t\t\t\t\t<img decoding=\"async\" src=\"https:\/\/mavrommatis.net\/wp-content\/uploads\/elementor\/thumbs\/pexels-photo-3363556-qexaht2ifas9lgjs4ee2ny8whv0ru1rcim06y3nthc.jpeg\" title=\"pexels-photo-3363556\" alt=\"macro photography of orange fiber optic lamp\" loading=\"lazy\" \/>\t\t\t\t\t\t\t\t\t\t\t\t\t\t\t<\/div>\n\t\t\t\t<\/div>\n\t\t\t\t\t<\/div>\n\t\t<\/div>\n\t\t\t\t<div class=\"elementor-column elementor-col-50 elementor-top-column elementor-element elementor-element-f7d8748\" data-id=\"f7d8748\" data-element_type=\"column\" data-e-type=\"column\">\n\t\t\t<div class=\"elementor-widget-wrap elementor-element-populated\">\n\t\t\t\t\t\t<div class=\"elementor-element elementor-element-9a27010 elementor-widget elementor-widget-text-editor\" data-id=\"9a27010\" data-element_type=\"widget\" data-e-type=\"widget\" data-widget_type=\"text-editor.default\">\n\t\t\t\t<div class=\"elementor-widget-container\">\n\t\t\t\t\t\t\t\t\t<p>Wenn es um die \u00dcberwachung geht, bieten wir eine Reihe von L\u00f6sungen an, die zu Ihrem Unternehmen passen. Ob einfach oder komplex, jede Infrastruktur kann \u00fcberwacht werden.<\/p>\n<p>\u00a0<\/p>\n<p>Ensure high uptime by actively monitoring your devices, network, services and more.<\/p>\t\t\t\t\t\t\t\t<\/div>\n\t\t\t\t<\/div>\n\t\t\t\t\t<\/div>\n\t\t<\/div>\n\t\t\t\t<div class=\"elementor-column elementor-col-25 elementor-top-column elementor-element elementor-element-a4db711\" data-id=\"a4db711\" data-element_type=\"column\" data-e-type=\"column\">\n\t\t\t<div class=\"elementor-widget-wrap\">\n\t\t\t\t\t\t\t<\/div>\n\t\t<\/div>\n\t\t\t\t\t<\/div>\n\t\t<\/section>\n\t\t\t\t<\/div>","protected":false},"excerpt":{"rendered":"<p>Wenn es um die \u00dcberwachung geht, bieten wir eine Reihe von L\u00f6sungen an, die zu Ihrem Unternehmen passen. Ob einfach oder komplex, jede Infrastruktur kann \u00fcberwacht werden. \u00a0 Stellen Sie eine hohe Betriebszeit sicher, indem Sie Ihre Ger\u00e4te, Ihr Netzwerk, Ihre Dienste und vieles mehr aktiv \u00fcberwachen.<\/p>","protected":false},"author":1,"featured_media":0,"parent":37,"menu_order":0,"comment_status":"closed","ping_status":"closed","template":"","meta":{"_monsterinsights_skip_tracking":false,"_monsterinsights_sitenote_active":false,"_monsterinsights_sitenote_note":"","_monsterinsights_sitenote_category":0,"_themeisle_gutenberg_block_has_review":false,"footnotes":""},"class_list":["post-43","page","type-page","status-publish","hentry"],"yoast_head":"<!-- This site is optimized with the Yoast SEO plugin v27.4 - https:\/\/yoast.com\/product\/yoast-seo-wordpress\/ -->\n<title>IT \u00dcberwachung - mavrommatis.net<\/title>\n<meta name=\"robots\" content=\"index, follow, max-snippet:-1, max-image-preview:large, max-video-preview:-1\" \/>\n<link rel=\"canonical\" href=\"https:\/\/mavrommatis.net\/en\/it-solutions\/it-monitoringueberwachung\/\" \/>\n<meta property=\"og:locale\" content=\"en_US\" \/>\n<meta property=\"og:type\" content=\"article\" \/>\n<meta property=\"og:title\" content=\"IT \u00dcberwachung - mavrommatis.net\" \/>\n<meta property=\"og:description\" content=\"Wenn es um die \u00dcberwachung geht, bieten wir eine Reihe von L\u00f6sungen an, die zu Ihrem Unternehmen passen. Ob einfach oder komplex, jede Infrastruktur kann \u00fcberwacht werden. \u00a0 Stellen Sie eine hohe Betriebszeit sicher, indem Sie Ihre Ger\u00e4te, Ihr Netzwerk, Ihre Dienste und vieles mehr aktiv \u00fcberwachen.\" \/>\n<meta property=\"og:url\" content=\"https:\/\/mavrommatis.net\/en\/it-solutions\/it-monitoringueberwachung\/\" \/>\n<meta property=\"og:site_name\" content=\"mavrommatis.net\" \/>\n<meta property=\"article:modified_time\" content=\"2022-11-27T16:26:54+00:00\" \/>\n<meta property=\"og:image\" content=\"https:\/\/mavrommatis.net\/wp-content\/uploads\/elementor\/thumbs\/pexels-photo-3363556-pwasw30wb8n9jibcjve8wwa2z7biniplh02yx00buo.jpeg\" \/>\n<meta name=\"twitter:card\" content=\"summary_large_image\" \/>\n<meta name=\"twitter:label1\" content=\"Est. reading time\" \/>\n\t<meta name=\"twitter:data1\" content=\"1 minute\" \/>\n<script type=\"application\/ld+json\" class=\"yoast-schema-graph\">{\"@context\":\"https:\\\/\\\/schema.org\",\"@graph\":[{\"@type\":\"WebPage\",\"@id\":\"https:\\\/\\\/mavrommatis.net\\\/it-solutions\\\/it-monitoringueberwachung\\\/\",\"url\":\"https:\\\/\\\/mavrommatis.net\\\/it-solutions\\\/it-monitoringueberwachung\\\/\",\"name\":\"IT \u00dcberwachung - mavrommatis.net\",\"isPartOf\":{\"@id\":\"https:\\\/\\\/mavrommatis.net\\\/#website\"},\"primaryImageOfPage\":{\"@id\":\"https:\\\/\\\/mavrommatis.net\\\/it-solutions\\\/it-monitoringueberwachung\\\/#primaryimage\"},\"image\":{\"@id\":\"https:\\\/\\\/mavrommatis.net\\\/it-solutions\\\/it-monitoringueberwachung\\\/#primaryimage\"},\"thumbnailUrl\":\"https:\\\/\\\/mavrommatis.net\\\/wp-content\\\/uploads\\\/elementor\\\/thumbs\\\/pexels-photo-3363556-pwasw30wb8n9jibcjve8wwa2z7biniplh02yx00buo.jpeg\",\"datePublished\":\"2022-10-16T13:28:45+00:00\",\"dateModified\":\"2022-11-27T16:26:54+00:00\",\"breadcrumb\":{\"@id\":\"https:\\\/\\\/mavrommatis.net\\\/it-solutions\\\/it-monitoringueberwachung\\\/#breadcrumb\"},\"inLanguage\":\"en-US\",\"potentialAction\":[{\"@type\":\"ReadAction\",\"target\":[\"https:\\\/\\\/mavrommatis.net\\\/it-solutions\\\/it-monitoringueberwachung\\\/\"]}]},{\"@type\":\"ImageObject\",\"inLanguage\":\"en-US\",\"@id\":\"https:\\\/\\\/mavrommatis.net\\\/it-solutions\\\/it-monitoringueberwachung\\\/#primaryimage\",\"url\":\"https:\\\/\\\/mavrommatis.net\\\/wp-content\\\/uploads\\\/elementor\\\/thumbs\\\/pexels-photo-3363556-pwasw30wb8n9jibcjve8wwa2z7biniplh02yx00buo.jpeg\",\"contentUrl\":\"https:\\\/\\\/mavrommatis.net\\\/wp-content\\\/uploads\\\/elementor\\\/thumbs\\\/pexels-photo-3363556-pwasw30wb8n9jibcjve8wwa2z7biniplh02yx00buo.jpeg\"},{\"@type\":\"BreadcrumbList\",\"@id\":\"https:\\\/\\\/mavrommatis.net\\\/it-solutions\\\/it-monitoringueberwachung\\\/#breadcrumb\",\"itemListElement\":[{\"@type\":\"ListItem\",\"position\":1,\"name\":\"Home\",\"item\":\"https:\\\/\\\/mavrommatis.net\\\/\"},{\"@type\":\"ListItem\",\"position\":2,\"name\":\"IT L\u00f6sungen\",\"item\":\"https:\\\/\\\/mavrommatis.net\\\/it-solutions\\\/\"},{\"@type\":\"ListItem\",\"position\":3,\"name\":\"IT \u00dcberwachung\"}]},{\"@type\":\"WebSite\",\"@id\":\"https:\\\/\\\/mavrommatis.net\\\/#website\",\"url\":\"https:\\\/\\\/mavrommatis.net\\\/\",\"name\":\"mavrommatis.net\",\"description\":\"IT Solutions\",\"publisher\":{\"@id\":\"https:\\\/\\\/mavrommatis.net\\\/#organization\"},\"potentialAction\":[{\"@type\":\"SearchAction\",\"target\":{\"@type\":\"EntryPoint\",\"urlTemplate\":\"https:\\\/\\\/mavrommatis.net\\\/?s={search_term_string}\"},\"query-input\":{\"@type\":\"PropertyValueSpecification\",\"valueRequired\":true,\"valueName\":\"search_term_string\"}}],\"inLanguage\":\"en-US\"},{\"@type\":\"Organization\",\"@id\":\"https:\\\/\\\/mavrommatis.net\\\/#organization\",\"name\":\"Anastasios Mavrommatis - IT Solutions\",\"url\":\"https:\\\/\\\/mavrommatis.net\\\/\",\"logo\":{\"@type\":\"ImageObject\",\"inLanguage\":\"en-US\",\"@id\":\"https:\\\/\\\/mavrommatis.net\\\/#\\\/schema\\\/logo\\\/image\\\/\",\"url\":\"https:\\\/\\\/mavrommatis.net\\\/wp-content\\\/uploads\\\/2022\\\/10\\\/cropped-logo.jpg\",\"contentUrl\":\"https:\\\/\\\/mavrommatis.net\\\/wp-content\\\/uploads\\\/2022\\\/10\\\/cropped-logo.jpg\",\"width\":512,\"height\":512,\"caption\":\"Anastasios Mavrommatis - IT Solutions\"},\"image\":{\"@id\":\"https:\\\/\\\/mavrommatis.net\\\/#\\\/schema\\\/logo\\\/image\\\/\"},\"sameAs\":[\"https:\\\/\\\/www.linkedin.com\\\/company\\\/89252479\\\/\"]}]}<\/script>\n<!-- \/ Yoast SEO plugin. -->","yoast_head_json":{"title":"IT \u00dcberwachung - mavrommatis.net","robots":{"index":"index","follow":"follow","max-snippet":"max-snippet:-1","max-image-preview":"max-image-preview:large","max-video-preview":"max-video-preview:-1"},"canonical":"https:\/\/mavrommatis.net\/en\/it-solutions\/it-monitoringueberwachung\/","og_locale":"en_US","og_type":"article","og_title":"IT \u00dcberwachung - mavrommatis.net","og_description":"Wenn es um die \u00dcberwachung geht, bieten wir eine Reihe von L\u00f6sungen an, die zu Ihrem Unternehmen passen. Ob einfach oder komplex, jede Infrastruktur kann \u00fcberwacht werden. \u00a0 Stellen Sie eine hohe Betriebszeit sicher, indem Sie Ihre Ger\u00e4te, Ihr Netzwerk, Ihre Dienste und vieles mehr aktiv \u00fcberwachen.","og_url":"https:\/\/mavrommatis.net\/en\/it-solutions\/it-monitoringueberwachung\/","og_site_name":"mavrommatis.net","article_modified_time":"2022-11-27T16:26:54+00:00","og_image":[{"url":"https:\/\/mavrommatis.net\/wp-content\/uploads\/elementor\/thumbs\/pexels-photo-3363556-pwasw30wb8n9jibcjve8wwa2z7biniplh02yx00buo.jpeg","type":"","width":"","height":""}],"twitter_card":"summary_large_image","twitter_misc":{"Est. reading time":"1 minute"},"schema":{"@context":"https:\/\/schema.org","@graph":[{"@type":"WebPage","@id":"https:\/\/mavrommatis.net\/it-solutions\/it-monitoringueberwachung\/","url":"https:\/\/mavrommatis.net\/it-solutions\/it-monitoringueberwachung\/","name":"IT \u00dcberwachung - mavrommatis.net","isPartOf":{"@id":"https:\/\/mavrommatis.net\/#website"},"primaryImageOfPage":{"@id":"https:\/\/mavrommatis.net\/it-solutions\/it-monitoringueberwachung\/#primaryimage"},"image":{"@id":"https:\/\/mavrommatis.net\/it-solutions\/it-monitoringueberwachung\/#primaryimage"},"thumbnailUrl":"https:\/\/mavrommatis.net\/wp-content\/uploads\/elementor\/thumbs\/pexels-photo-3363556-pwasw30wb8n9jibcjve8wwa2z7biniplh02yx00buo.jpeg","datePublished":"2022-10-16T13:28:45+00:00","dateModified":"2022-11-27T16:26:54+00:00","breadcrumb":{"@id":"https:\/\/mavrommatis.net\/it-solutions\/it-monitoringueberwachung\/#breadcrumb"},"inLanguage":"en-US","potentialAction":[{"@type":"ReadAction","target":["https:\/\/mavrommatis.net\/it-solutions\/it-monitoringueberwachung\/"]}]},{"@type":"ImageObject","inLanguage":"en-US","@id":"https:\/\/mavrommatis.net\/it-solutions\/it-monitoringueberwachung\/#primaryimage","url":"https:\/\/mavrommatis.net\/wp-content\/uploads\/elementor\/thumbs\/pexels-photo-3363556-pwasw30wb8n9jibcjve8wwa2z7biniplh02yx00buo.jpeg","contentUrl":"https:\/\/mavrommatis.net\/wp-content\/uploads\/elementor\/thumbs\/pexels-photo-3363556-pwasw30wb8n9jibcjve8wwa2z7biniplh02yx00buo.jpeg"},{"@type":"BreadcrumbList","@id":"https:\/\/mavrommatis.net\/it-solutions\/it-monitoringueberwachung\/#breadcrumb","itemListElement":[{"@type":"ListItem","position":1,"name":"Home","item":"https:\/\/mavrommatis.net\/"},{"@type":"ListItem","position":2,"name":"IT L\u00f6sungen","item":"https:\/\/mavrommatis.net\/it-solutions\/"},{"@type":"ListItem","position":3,"name":"IT \u00dcberwachung"}]},{"@type":"WebSite","@id":"https:\/\/mavrommatis.net\/#website","url":"https:\/\/mavrommatis.net\/","name":"mavrommatis.net","description":"IT Solutions","publisher":{"@id":"https:\/\/mavrommatis.net\/#organization"},"potentialAction":[{"@type":"SearchAction","target":{"@type":"EntryPoint","urlTemplate":"https:\/\/mavrommatis.net\/?s={search_term_string}"},"query-input":{"@type":"PropertyValueSpecification","valueRequired":true,"valueName":"search_term_string"}}],"inLanguage":"en-US"},{"@type":"Organization","@id":"https:\/\/mavrommatis.net\/#organization","name":"Anastasios Mavrommatis - IT Solutions","url":"https:\/\/mavrommatis.net\/","logo":{"@type":"ImageObject","inLanguage":"en-US","@id":"https:\/\/mavrommatis.net\/#\/schema\/logo\/image\/","url":"https:\/\/mavrommatis.net\/wp-content\/uploads\/2022\/10\/cropped-logo.jpg","contentUrl":"https:\/\/mavrommatis.net\/wp-content\/uploads\/2022\/10\/cropped-logo.jpg","width":512,"height":512,"caption":"Anastasios Mavrommatis - IT Solutions"},"image":{"@id":"https:\/\/mavrommatis.net\/#\/schema\/logo\/image\/"},"sameAs":["https:\/\/www.linkedin.com\/company\/89252479\/"]}]}},"jetpack_sharing_enabled":true,"_links":{"self":[{"href":"https:\/\/mavrommatis.net\/en\/wp-json\/wp\/v2\/pages\/43","targetHints":{"allow":["GET"]}}],"collection":[{"href":"https:\/\/mavrommatis.net\/en\/wp-json\/wp\/v2\/pages"}],"about":[{"href":"https:\/\/mavrommatis.net\/en\/wp-json\/wp\/v2\/types\/page"}],"author":[{"embeddable":true,"href":"https:\/\/mavrommatis.net\/en\/wp-json\/wp\/v2\/users\/1"}],"replies":[{"embeddable":true,"href":"https:\/\/mavrommatis.net\/en\/wp-json\/wp\/v2\/comments?post=43"}],"version-history":[{"count":0,"href":"https:\/\/mavrommatis.net\/en\/wp-json\/wp\/v2\/pages\/43\/revisions"}],"up":[{"embeddable":true,"href":"https:\/\/mavrommatis.net\/en\/wp-json\/wp\/v2\/pages\/37"}],"wp:attachment":[{"href":"https:\/\/mavrommatis.net\/en\/wp-json\/wp\/v2\/media?parent=43"}],"curies":[{"name":"wp","href":"https:\/\/api.w.org\/{rel}","templated":true}]}}