{"id":63,"date":"2022-10-16T17:05:09","date_gmt":"2022-10-16T15:05:09","guid":{"rendered":"https:\/\/mavrommatis.net\/?page_id=63"},"modified":"2023-01-04T15:19:51","modified_gmt":"2023-01-04T14:19:51","slug":"it-support-offerings","status":"publish","type":"page","link":"https:\/\/mavrommatis.net\/en\/it-support-offerings\/","title":{"rendered":"IT Support"},"content":{"rendered":"<div data-elementor-type=\"wp-page\" data-elementor-id=\"63\" class=\"elementor elementor-63\" data-elementor-settings=\"{&quot;ha_cmc_init_switcher&quot;:&quot;no&quot;}\">\n\t\t\t\t\t\t<section class=\"elementor-section elementor-top-section elementor-element elementor-element-72d8a32 elementor-section-boxed elementor-section-height-default elementor-section-height-default\" data-id=\"72d8a32\" data-element_type=\"section\" data-e-type=\"section\" data-settings=\"{&quot;_ha_eqh_enable&quot;:false}\">\n\t\t\t\t\t\t<div class=\"elementor-container elementor-column-gap-default\">\n\t\t\t\t\t<div class=\"elementor-column elementor-col-100 elementor-top-column elementor-element elementor-element-83432a5\" data-id=\"83432a5\" data-element_type=\"column\" data-e-type=\"column\">\n\t\t\t<div class=\"elementor-widget-wrap elementor-element-populated\">\n\t\t\t\t\t\t<div class=\"elementor-element elementor-element-dd2636c elementor-widget elementor-widget-spacer\" data-id=\"dd2636c\" data-element_type=\"widget\" data-e-type=\"widget\" data-widget_type=\"spacer.default\">\n\t\t\t\t<div class=\"elementor-widget-container\">\n\t\t\t\t\t\t\t<div class=\"elementor-spacer\">\n\t\t\t<div class=\"elementor-spacer-inner\"><\/div>\n\t\t<\/div>\n\t\t\t\t\t\t<\/div>\n\t\t\t\t<\/div>\n\t\t\t\t\t<\/div>\n\t\t<\/div>\n\t\t\t\t\t<\/div>\n\t\t<\/section>\n\t\t\t\t<section class=\"elementor-section elementor-top-section elementor-element elementor-element-d32d354 elementor-section-boxed elementor-section-height-default elementor-section-height-default\" data-id=\"d32d354\" data-element_type=\"section\" data-e-type=\"section\" data-settings=\"{&quot;_ha_eqh_enable&quot;:false}\">\n\t\t\t\t\t\t<div class=\"elementor-container elementor-column-gap-default\">\n\t\t\t\t\t<div class=\"elementor-column elementor-col-100 elementor-top-column elementor-element elementor-element-04722db\" data-id=\"04722db\" data-element_type=\"column\" data-e-type=\"column\">\n\t\t\t<div class=\"elementor-widget-wrap elementor-element-populated\">\n\t\t\t\t\t\t<div class=\"elementor-element elementor-element-b6758b4 elementor-widget elementor-widget-image\" data-id=\"b6758b4\" data-element_type=\"widget\" data-e-type=\"widget\" data-widget_type=\"image.default\">\n\t\t\t\t<div class=\"elementor-widget-container\">\n\t\t\t\t\t\t\t\t\t\t\t\t\t\t\t<img decoding=\"async\" src=\"https:\/\/mavrommatis.net\/wp-content\/uploads\/elementor\/thumbs\/pexels-photo-8866726-qexahypy6ka98qo3abbvd5rvtbp9hgtxgdxkwhjj6s.jpeg\" title=\"pexels-photo-8866726\" alt=\"a black headset microphone hanging on the laptop screen\" loading=\"lazy\" \/>\t\t\t\t\t\t\t\t\t\t\t\t\t\t\t<\/div>\n\t\t\t\t<\/div>\n\t\t\t\t\t<\/div>\n\t\t<\/div>\n\t\t\t\t\t<\/div>\n\t\t<\/section>\n\t\t\t\t<section class=\"elementor-section elementor-top-section elementor-element elementor-element-8e51c18 elementor-section-boxed elementor-section-height-default elementor-section-height-default\" data-id=\"8e51c18\" data-element_type=\"section\" data-e-type=\"section\" data-settings=\"{&quot;_ha_eqh_enable&quot;:false}\">\n\t\t\t\t\t\t<div class=\"elementor-container elementor-column-gap-default\">\n\t\t\t\t\t<div class=\"elementor-column elementor-col-100 elementor-top-column elementor-element elementor-element-4418b40\" data-id=\"4418b40\" data-element_type=\"column\" data-e-type=\"column\">\n\t\t\t<div class=\"elementor-widget-wrap elementor-element-populated\">\n\t\t\t\t\t\t<div class=\"elementor-element elementor-element-1d2c1ec elementor-widget elementor-widget-spacer\" data-id=\"1d2c1ec\" data-element_type=\"widget\" data-e-type=\"widget\" data-widget_type=\"spacer.default\">\n\t\t\t\t<div class=\"elementor-widget-container\">\n\t\t\t\t\t\t\t<div class=\"elementor-spacer\">\n\t\t\t<div class=\"elementor-spacer-inner\"><\/div>\n\t\t<\/div>\n\t\t\t\t\t\t<\/div>\n\t\t\t\t<\/div>\n\t\t\t\t\t<\/div>\n\t\t<\/div>\n\t\t\t\t\t<\/div>\n\t\t<\/section>\n\t\t\t\t<section class=\"elementor-section elementor-top-section elementor-element elementor-element-44cefa8 elementor-section-boxed elementor-section-height-default elementor-section-height-default\" data-id=\"44cefa8\" data-element_type=\"section\" data-e-type=\"section\" data-settings=\"{&quot;_ha_eqh_enable&quot;:false}\">\n\t\t\t\t\t\t<div class=\"elementor-container elementor-column-gap-default\">\n\t\t\t\t\t<div class=\"elementor-column elementor-col-33 elementor-top-column elementor-element elementor-element-20e009f\" data-id=\"20e009f\" data-element_type=\"column\" data-e-type=\"column\">\n\t\t\t<div class=\"elementor-widget-wrap elementor-element-populated\">\n\t\t\t\t\t\t<div class=\"elementor-element elementor-element-ef2b319 elementor-view-default elementor-widget elementor-widget-icon\" data-id=\"ef2b319\" data-element_type=\"widget\" data-e-type=\"widget\" data-widget_type=\"icon.default\">\n\t\t\t\t<div class=\"elementor-widget-container\">\n\t\t\t\t\t\t\t<div class=\"elementor-icon-wrapper\">\n\t\t\t<div class=\"elementor-icon\">\n\t\t\t<i aria-hidden=\"true\" class=\"fas fa-tasks\"><\/i>\t\t\t<\/div>\n\t\t<\/div>\n\t\t\t\t\t\t<\/div>\n\t\t\t\t<\/div>\n\t\t\t\t<div class=\"elementor-element elementor-element-d52ea96 elementor-widget elementor-widget-ha-pricing-table happy-addon ha-pricing-table\" data-id=\"d52ea96\" data-element_type=\"widget\" data-e-type=\"widget\" data-widget_type=\"ha-pricing-table.default\">\n\t\t\t\t<div class=\"elementor-widget-container\">\n\t\t\t\t\t\n\t\t\n\t\t<div class=\"ha-pricing-table-header\">\n\t\t\t\t\t\t\t<h2 class=\"ha-pricing-table-title\">Projects<\/h2>\t\t\t\t\t<\/div>\n\t\t<div class=\"ha-pricing-table-price\">\n\t\t\t<div class=\"ha-pricing-table-price-tag\"><span class=\"ha-pricing-table-currency\"><\/span><span class=\"ha-pricing-table-price-text\"><\/span><\/div>\n\t\t\t\t\t<\/div>\n\t\t<div class=\"ha-pricing-table-body\">\n\t\t\t\t\t\t\t<h4 class=\"ha-pricing-table-features-title\">We can drive your IT projects<\/h4>\t\t\t\n\t\t\t\t\t\t\t<ul class=\"ha-pricing-table-features-list\">\n\t\t\t\t\t\t\t\t\t\t\t<li class=\"elementor-repeater-item-5c96a80\">\n\t\t\t\t\t\t\t<i class=\"fas fa-check\"><\/i>\t\t\t\t\t\t\t<div class=\"ha-pricing-table-feature-text\">IT Project management<\/div>\n\t\t\t\t\t\t<\/li>\n\t\t\t\t\t\t\t\t\t\t\t<li class=\"elementor-repeater-item-ce70235\">\n\t\t\t\t\t\t\t<i class=\"fas fa-check\"><\/i>\t\t\t\t\t\t\t<div class=\"ha-pricing-table-feature-text\">Stakeholders guidance<\/div>\n\t\t\t\t\t\t<\/li>\n\t\t\t\t\t\t\t\t\t\t\t<li class=\"elementor-repeater-item-4694a1b\">\n\t\t\t\t\t\t\t<i class=\"fas fa-check\"><\/i>\t\t\t\t\t\t\t<div class=\"ha-pricing-table-feature-text\">Coordinate involved parties<\/div>\n\t\t\t\t\t\t<\/li>\n\t\t\t\t\t\t\t\t\t<\/ul>\n\t\t\t\t\t<\/div>\n\n\t\t\n\t\t\t\t\t\t<\/div>\n\t\t\t\t<\/div>\n\t\t\t\t\t<\/div>\n\t\t<\/div>\n\t\t\t\t<div class=\"elementor-column elementor-col-33 elementor-top-column elementor-element elementor-element-f62f61b\" data-id=\"f62f61b\" data-element_type=\"column\" data-e-type=\"column\">\n\t\t\t<div class=\"elementor-widget-wrap elementor-element-populated\">\n\t\t\t\t\t\t<div class=\"elementor-element elementor-element-4974825 elementor-view-default elementor-widget elementor-widget-icon\" data-id=\"4974825\" data-element_type=\"widget\" data-e-type=\"widget\" data-widget_type=\"icon.default\">\n\t\t\t\t<div class=\"elementor-widget-container\">\n\t\t\t\t\t\t\t<div class=\"elementor-icon-wrapper\">\n\t\t\t<div class=\"elementor-icon\">\n\t\t\t<i aria-hidden=\"true\" class=\"hm hm-server\"><\/i>\t\t\t<\/div>\n\t\t<\/div>\n\t\t\t\t\t\t<\/div>\n\t\t\t\t<\/div>\n\t\t\t\t<div class=\"elementor-element elementor-element-c837d04 elementor-widget elementor-widget-ha-pricing-table happy-addon ha-pricing-table\" data-id=\"c837d04\" data-element_type=\"widget\" data-e-type=\"widget\" data-widget_type=\"ha-pricing-table.default\">\n\t\t\t\t<div class=\"elementor-widget-container\">\n\t\t\t\t\t\n\t\t\n\t\t<div class=\"ha-pricing-table-header\">\n\t\t\t\t\t\t\t<h2 class=\"ha-pricing-table-title\">Infrastructure<\/h2>\t\t\t\t\t<\/div>\n\t\t<div class=\"ha-pricing-table-price\">\n\t\t\t<div class=\"ha-pricing-table-price-tag\"><span class=\"ha-pricing-table-currency\"><\/span><span class=\"ha-pricing-table-price-text\"><\/span><\/div>\n\t\t\t\t\t<\/div>\n\t\t<div class=\"ha-pricing-table-body\">\n\t\t\t\t\t\t\t<h4 class=\"ha-pricing-table-features-title\">We can support your IT environment<\/h4>\t\t\t\n\t\t\t\t\t\t\t<ul class=\"ha-pricing-table-features-list\">\n\t\t\t\t\t\t\t\t\t\t\t<li class=\"elementor-repeater-item-2730517\">\n\t\t\t\t\t\t\t<i class=\"fas fa-check\"><\/i>\t\t\t\t\t\t\t<div class=\"ha-pricing-table-feature-text\">Whether on cloud or on premises we can support you<\/div>\n\t\t\t\t\t\t<\/li>\n\t\t\t\t\t\t\t\t\t\t\t<li class=\"elementor-repeater-item-c1cf0ce\">\n\t\t\t\t\t\t\t<i class=\"fas fa-check\"><\/i>\t\t\t\t\t\t\t<div class=\"ha-pricing-table-feature-text\">Troubleshooting problems and Root Cause Analysis<\/div>\n\t\t\t\t\t\t<\/li>\n\t\t\t\t\t\t\t\t\t<\/ul>\n\t\t\t\t\t<\/div>\n\n\t\t\n\t\t\t\t\t\t<\/div>\n\t\t\t\t<\/div>\n\t\t\t\t\t<\/div>\n\t\t<\/div>\n\t\t\t\t<div class=\"elementor-column elementor-col-33 elementor-top-column elementor-element elementor-element-40e6b9e\" data-id=\"40e6b9e\" data-element_type=\"column\" data-e-type=\"column\">\n\t\t\t<div class=\"elementor-widget-wrap elementor-element-populated\">\n\t\t\t\t\t\t<div class=\"elementor-element elementor-element-4848f96 elementor-view-default elementor-widget elementor-widget-icon\" data-id=\"4848f96\" data-element_type=\"widget\" data-e-type=\"widget\" data-widget_type=\"icon.default\">\n\t\t\t\t<div class=\"elementor-widget-container\">\n\t\t\t\t\t\t\t<div class=\"elementor-icon-wrapper\">\n\t\t\t<div class=\"elementor-icon\">\n\t\t\t<i aria-hidden=\"true\" class=\"icon icon-customer-service\"><\/i>\t\t\t<\/div>\n\t\t<\/div>\n\t\t\t\t\t\t<\/div>\n\t\t\t\t<\/div>\n\t\t\t\t<div class=\"elementor-element elementor-element-8a4febd elementor-widget elementor-widget-ha-pricing-table happy-addon ha-pricing-table\" data-id=\"8a4febd\" data-element_type=\"widget\" data-e-type=\"widget\" data-widget_type=\"ha-pricing-table.default\">\n\t\t\t\t<div class=\"elementor-widget-container\">\n\t\t\t\t\t\n\t\t\n\t\t<div class=\"ha-pricing-table-header\">\n\t\t\t\t\t\t\t<h2 class=\"ha-pricing-table-title\">User support<\/h2>\t\t\t\t\t<\/div>\n\t\t<div class=\"ha-pricing-table-price\">\n\t\t\t<div class=\"ha-pricing-table-price-tag\"><span class=\"ha-pricing-table-currency\"><\/span><span class=\"ha-pricing-table-price-text\"><\/span><\/div>\n\t\t\t\t\t<\/div>\n\t\t<div class=\"ha-pricing-table-body\">\n\t\t\t\t\t\t\t<h4 class=\"ha-pricing-table-features-title\">Enable your users<\/h4>\t\t\t\n\t\t\t\t\t\t\t<ul class=\"ha-pricing-table-features-list\">\n\t\t\t\t\t\t\t\t\t\t\t<li class=\"elementor-repeater-item-dc53737\">\n\t\t\t\t\t\t\t<i class=\"fas fa-check\"><\/i>\t\t\t\t\t\t\t<div class=\"ha-pricing-table-feature-text\">We support your people with their everyday issues they face<\/div>\n\t\t\t\t\t\t<\/li>\n\t\t\t\t\t\t\t\t\t<\/ul>\n\t\t\t\t\t<\/div>\n\n\t\t\n\t\t\t\t\t\t<\/div>\n\t\t\t\t<\/div>\n\t\t\t\t\t<\/div>\n\t\t<\/div>\n\t\t\t\t\t<\/div>\n\t\t<\/section>\n\t\t\t\t<section class=\"elementor-section elementor-top-section elementor-element elementor-element-d4a5970 elementor-section-boxed elementor-section-height-default elementor-section-height-default\" data-id=\"d4a5970\" data-element_type=\"section\" data-e-type=\"section\" data-settings=\"{&quot;_ha_eqh_enable&quot;:false}\">\n\t\t\t\t\t\t<div class=\"elementor-container elementor-column-gap-default\">\n\t\t\t\t\t<div class=\"elementor-column elementor-col-100 elementor-top-column elementor-element elementor-element-fb1ee42\" data-id=\"fb1ee42\" data-element_type=\"column\" data-e-type=\"column\">\n\t\t\t<div class=\"elementor-widget-wrap elementor-element-populated\">\n\t\t\t\t\t\t<div class=\"elementor-element elementor-element-455bbbb elementor-button-info elementor-align-center elementor-widget elementor-widget-button\" data-id=\"455bbbb\" data-element_type=\"widget\" data-e-type=\"widget\" data-widget_type=\"button.default\">\n\t\t\t\t<div class=\"elementor-widget-container\">\n\t\t\t\t\t\t\t\t\t<div class=\"elementor-button-wrapper\">\n\t\t\t\t\t<a class=\"elementor-button elementor-button-link elementor-size-xl\" href=\"https:\/\/mavrommatis.net\/en\/contact-details\/\" target=\"_blank\">\n\t\t\t\t\t\t<span class=\"elementor-button-content-wrapper\">\n\t\t\t\t\t\t<span class=\"elementor-button-icon\">\n\t\t\t\t<i aria-hidden=\"true\" class=\"icon icon-information\"><\/i>\t\t\t<\/span>\n\t\t\t\t\t\t\t\t\t<span class=\"elementor-button-text\">Contact<\/span>\n\t\t\t\t\t<\/span>\n\t\t\t\t\t<\/a>\n\t\t\t\t<\/div>\n\t\t\t\t\t\t\t\t<\/div>\n\t\t\t\t<\/div>\n\t\t\t\t\t<\/div>\n\t\t<\/div>\n\t\t\t\t\t<\/div>\n\t\t<\/section>\n\t\t\t\t<\/div>","protected":false},"excerpt":{"rendered":"<p>Projekte Wir k\u00f6nnen Ihre IT-Projekte vorantreiben IT-Projektmanagement Anleitung f\u00fcr Interessengruppen Beteiligte koordinieren Infrastruktur Wir k\u00f6nnen Ihre IT-Umgebung unterst\u00fctzen Ob in der Cloud oder vor Ort, wir k\u00f6nnen Sie unterst\u00fctzen Fehlersuche und Ursachenanalyse Benutzer-Support Erm\u00f6glichen Sie Ihren Benutzern. Wir unterst\u00fctzen Ihre Leute bei ihren allt\u00e4glichen Problemen Kontakt<\/p>","protected":false},"author":1,"featured_media":0,"parent":0,"menu_order":0,"comment_status":"closed","ping_status":"closed","template":"","meta":{"_monsterinsights_skip_tracking":false,"_monsterinsights_sitenote_active":false,"_monsterinsights_sitenote_note":"","_monsterinsights_sitenote_category":0,"_themeisle_gutenberg_block_has_review":false,"footnotes":""},"class_list":["post-63","page","type-page","status-publish","hentry"],"yoast_head":"<!-- This site is optimized with the Yoast SEO plugin v27.3 - https:\/\/yoast.com\/product\/yoast-seo-wordpress\/ -->\n<title>IT Support - mavrommatis.net<\/title>\n<meta name=\"robots\" content=\"index, follow, max-snippet:-1, max-image-preview:large, max-video-preview:-1\" \/>\n<link rel=\"canonical\" href=\"https:\/\/mavrommatis.net\/en\/it-support-offerings\/\" \/>\n<meta property=\"og:locale\" content=\"en_US\" \/>\n<meta property=\"og:type\" content=\"article\" \/>\n<meta property=\"og:title\" content=\"IT Support - mavrommatis.net\" \/>\n<meta property=\"og:description\" content=\"Projekte Wir k\u00f6nnen Ihre IT-Projekte vorantreiben IT-Projektmanagement Anleitung f\u00fcr Interessengruppen Beteiligte koordinieren Infrastruktur Wir k\u00f6nnen Ihre IT-Umgebung unterst\u00fctzen Ob in der Cloud oder vor Ort, wir k\u00f6nnen Sie unterst\u00fctzen Fehlersuche und Ursachenanalyse Benutzer-Support Erm\u00f6glichen Sie Ihren Benutzern. Wir unterst\u00fctzen Ihre Leute bei ihren allt\u00e4glichen Problemen Kontakt\" \/>\n<meta property=\"og:url\" content=\"https:\/\/mavrommatis.net\/en\/it-support-offerings\/\" \/>\n<meta property=\"og:site_name\" content=\"mavrommatis.net\" \/>\n<meta property=\"article:modified_time\" content=\"2023-01-04T14:19:51+00:00\" \/>\n<meta property=\"og:image\" content=\"https:\/\/mavrommatis.net\/wp-content\/uploads\/elementor\/thumbs\/pexels-photo-8866726-pwaxas4csj6bf259ybeq63jxaakql36c7h8mvitk2s.jpeg\" \/>\n<meta name=\"twitter:card\" content=\"summary_large_image\" \/>\n<meta name=\"twitter:label1\" content=\"Est. reading time\" \/>\n\t<meta name=\"twitter:data1\" content=\"1 minute\" \/>\n<script type=\"application\/ld+json\" class=\"yoast-schema-graph\">{\"@context\":\"https:\\\/\\\/schema.org\",\"@graph\":[{\"@type\":\"WebPage\",\"@id\":\"https:\\\/\\\/mavrommatis.net\\\/it-support-offerings\\\/\",\"url\":\"https:\\\/\\\/mavrommatis.net\\\/it-support-offerings\\\/\",\"name\":\"IT Support - mavrommatis.net\",\"isPartOf\":{\"@id\":\"https:\\\/\\\/mavrommatis.net\\\/#website\"},\"primaryImageOfPage\":{\"@id\":\"https:\\\/\\\/mavrommatis.net\\\/it-support-offerings\\\/#primaryimage\"},\"image\":{\"@id\":\"https:\\\/\\\/mavrommatis.net\\\/it-support-offerings\\\/#primaryimage\"},\"thumbnailUrl\":\"https:\\\/\\\/mavrommatis.net\\\/wp-content\\\/uploads\\\/elementor\\\/thumbs\\\/pexels-photo-8866726-pwaxas4csj6bf259ybeq63jxaakql36c7h8mvitk2s.jpeg\",\"datePublished\":\"2022-10-16T15:05:09+00:00\",\"dateModified\":\"2023-01-04T14:19:51+00:00\",\"breadcrumb\":{\"@id\":\"https:\\\/\\\/mavrommatis.net\\\/it-support-offerings\\\/#breadcrumb\"},\"inLanguage\":\"en-US\",\"potentialAction\":[{\"@type\":\"ReadAction\",\"target\":[\"https:\\\/\\\/mavrommatis.net\\\/it-support-offerings\\\/\"]}]},{\"@type\":\"ImageObject\",\"inLanguage\":\"en-US\",\"@id\":\"https:\\\/\\\/mavrommatis.net\\\/it-support-offerings\\\/#primaryimage\",\"url\":\"https:\\\/\\\/mavrommatis.net\\\/wp-content\\\/uploads\\\/elementor\\\/thumbs\\\/pexels-photo-8866726-pwaxas4csj6bf259ybeq63jxaakql36c7h8mvitk2s.jpeg\",\"contentUrl\":\"https:\\\/\\\/mavrommatis.net\\\/wp-content\\\/uploads\\\/elementor\\\/thumbs\\\/pexels-photo-8866726-pwaxas4csj6bf259ybeq63jxaakql36c7h8mvitk2s.jpeg\"},{\"@type\":\"BreadcrumbList\",\"@id\":\"https:\\\/\\\/mavrommatis.net\\\/it-support-offerings\\\/#breadcrumb\",\"itemListElement\":[{\"@type\":\"ListItem\",\"position\":1,\"name\":\"Home\",\"item\":\"https:\\\/\\\/mavrommatis.net\\\/\"},{\"@type\":\"ListItem\",\"position\":2,\"name\":\"IT Support\"}]},{\"@type\":\"WebSite\",\"@id\":\"https:\\\/\\\/mavrommatis.net\\\/#website\",\"url\":\"https:\\\/\\\/mavrommatis.net\\\/\",\"name\":\"mavrommatis.net\",\"description\":\"IT Solutions\",\"publisher\":{\"@id\":\"https:\\\/\\\/mavrommatis.net\\\/#organization\"},\"potentialAction\":[{\"@type\":\"SearchAction\",\"target\":{\"@type\":\"EntryPoint\",\"urlTemplate\":\"https:\\\/\\\/mavrommatis.net\\\/?s={search_term_string}\"},\"query-input\":{\"@type\":\"PropertyValueSpecification\",\"valueRequired\":true,\"valueName\":\"search_term_string\"}}],\"inLanguage\":\"en-US\"},{\"@type\":\"Organization\",\"@id\":\"https:\\\/\\\/mavrommatis.net\\\/#organization\",\"name\":\"Anastasios Mavrommatis - IT Solutions\",\"url\":\"https:\\\/\\\/mavrommatis.net\\\/\",\"logo\":{\"@type\":\"ImageObject\",\"inLanguage\":\"en-US\",\"@id\":\"https:\\\/\\\/mavrommatis.net\\\/#\\\/schema\\\/logo\\\/image\\\/\",\"url\":\"https:\\\/\\\/mavrommatis.net\\\/wp-content\\\/uploads\\\/2022\\\/10\\\/cropped-logo.jpg\",\"contentUrl\":\"https:\\\/\\\/mavrommatis.net\\\/wp-content\\\/uploads\\\/2022\\\/10\\\/cropped-logo.jpg\",\"width\":512,\"height\":512,\"caption\":\"Anastasios Mavrommatis - IT Solutions\"},\"image\":{\"@id\":\"https:\\\/\\\/mavrommatis.net\\\/#\\\/schema\\\/logo\\\/image\\\/\"},\"sameAs\":[\"https:\\\/\\\/www.linkedin.com\\\/company\\\/89252479\\\/\"]}]}<\/script>\n<!-- \/ Yoast SEO plugin. -->","yoast_head_json":{"title":"IT Support - mavrommatis.net","robots":{"index":"index","follow":"follow","max-snippet":"max-snippet:-1","max-image-preview":"max-image-preview:large","max-video-preview":"max-video-preview:-1"},"canonical":"https:\/\/mavrommatis.net\/en\/it-support-offerings\/","og_locale":"en_US","og_type":"article","og_title":"IT Support - mavrommatis.net","og_description":"Projekte Wir k\u00f6nnen Ihre IT-Projekte vorantreiben IT-Projektmanagement Anleitung f\u00fcr Interessengruppen Beteiligte koordinieren Infrastruktur Wir k\u00f6nnen Ihre IT-Umgebung unterst\u00fctzen Ob in der Cloud oder vor Ort, wir k\u00f6nnen Sie unterst\u00fctzen Fehlersuche und Ursachenanalyse Benutzer-Support Erm\u00f6glichen Sie Ihren Benutzern. Wir unterst\u00fctzen Ihre Leute bei ihren allt\u00e4glichen Problemen Kontakt","og_url":"https:\/\/mavrommatis.net\/en\/it-support-offerings\/","og_site_name":"mavrommatis.net","article_modified_time":"2023-01-04T14:19:51+00:00","og_image":[{"url":"https:\/\/mavrommatis.net\/wp-content\/uploads\/elementor\/thumbs\/pexels-photo-8866726-pwaxas4csj6bf259ybeq63jxaakql36c7h8mvitk2s.jpeg","type":"","width":"","height":""}],"twitter_card":"summary_large_image","twitter_misc":{"Est. reading time":"1 minute"},"schema":{"@context":"https:\/\/schema.org","@graph":[{"@type":"WebPage","@id":"https:\/\/mavrommatis.net\/it-support-offerings\/","url":"https:\/\/mavrommatis.net\/it-support-offerings\/","name":"IT Support - mavrommatis.net","isPartOf":{"@id":"https:\/\/mavrommatis.net\/#website"},"primaryImageOfPage":{"@id":"https:\/\/mavrommatis.net\/it-support-offerings\/#primaryimage"},"image":{"@id":"https:\/\/mavrommatis.net\/it-support-offerings\/#primaryimage"},"thumbnailUrl":"https:\/\/mavrommatis.net\/wp-content\/uploads\/elementor\/thumbs\/pexels-photo-8866726-pwaxas4csj6bf259ybeq63jxaakql36c7h8mvitk2s.jpeg","datePublished":"2022-10-16T15:05:09+00:00","dateModified":"2023-01-04T14:19:51+00:00","breadcrumb":{"@id":"https:\/\/mavrommatis.net\/it-support-offerings\/#breadcrumb"},"inLanguage":"en-US","potentialAction":[{"@type":"ReadAction","target":["https:\/\/mavrommatis.net\/it-support-offerings\/"]}]},{"@type":"ImageObject","inLanguage":"en-US","@id":"https:\/\/mavrommatis.net\/it-support-offerings\/#primaryimage","url":"https:\/\/mavrommatis.net\/wp-content\/uploads\/elementor\/thumbs\/pexels-photo-8866726-pwaxas4csj6bf259ybeq63jxaakql36c7h8mvitk2s.jpeg","contentUrl":"https:\/\/mavrommatis.net\/wp-content\/uploads\/elementor\/thumbs\/pexels-photo-8866726-pwaxas4csj6bf259ybeq63jxaakql36c7h8mvitk2s.jpeg"},{"@type":"BreadcrumbList","@id":"https:\/\/mavrommatis.net\/it-support-offerings\/#breadcrumb","itemListElement":[{"@type":"ListItem","position":1,"name":"Home","item":"https:\/\/mavrommatis.net\/"},{"@type":"ListItem","position":2,"name":"IT Support"}]},{"@type":"WebSite","@id":"https:\/\/mavrommatis.net\/#website","url":"https:\/\/mavrommatis.net\/","name":"mavrommatis.net","description":"IT Solutions","publisher":{"@id":"https:\/\/mavrommatis.net\/#organization"},"potentialAction":[{"@type":"SearchAction","target":{"@type":"EntryPoint","urlTemplate":"https:\/\/mavrommatis.net\/?s={search_term_string}"},"query-input":{"@type":"PropertyValueSpecification","valueRequired":true,"valueName":"search_term_string"}}],"inLanguage":"en-US"},{"@type":"Organization","@id":"https:\/\/mavrommatis.net\/#organization","name":"Anastasios Mavrommatis - IT Solutions","url":"https:\/\/mavrommatis.net\/","logo":{"@type":"ImageObject","inLanguage":"en-US","@id":"https:\/\/mavrommatis.net\/#\/schema\/logo\/image\/","url":"https:\/\/mavrommatis.net\/wp-content\/uploads\/2022\/10\/cropped-logo.jpg","contentUrl":"https:\/\/mavrommatis.net\/wp-content\/uploads\/2022\/10\/cropped-logo.jpg","width":512,"height":512,"caption":"Anastasios Mavrommatis - IT Solutions"},"image":{"@id":"https:\/\/mavrommatis.net\/#\/schema\/logo\/image\/"},"sameAs":["https:\/\/www.linkedin.com\/company\/89252479\/"]}]}},"jetpack_sharing_enabled":true,"_links":{"self":[{"href":"https:\/\/mavrommatis.net\/en\/wp-json\/wp\/v2\/pages\/63","targetHints":{"allow":["GET"]}}],"collection":[{"href":"https:\/\/mavrommatis.net\/en\/wp-json\/wp\/v2\/pages"}],"about":[{"href":"https:\/\/mavrommatis.net\/en\/wp-json\/wp\/v2\/types\/page"}],"author":[{"embeddable":true,"href":"https:\/\/mavrommatis.net\/en\/wp-json\/wp\/v2\/users\/1"}],"replies":[{"embeddable":true,"href":"https:\/\/mavrommatis.net\/en\/wp-json\/wp\/v2\/comments?post=63"}],"version-history":[{"count":0,"href":"https:\/\/mavrommatis.net\/en\/wp-json\/wp\/v2\/pages\/63\/revisions"}],"wp:attachment":[{"href":"https:\/\/mavrommatis.net\/en\/wp-json\/wp\/v2\/media?parent=63"}],"curies":[{"name":"wp","href":"https:\/\/api.w.org\/{rel}","templated":true}]}}